{"id":925,"date":"2014-07-23T15:40:06","date_gmt":"2014-07-23T15:40:06","guid":{"rendered":"http:\/\/www.ecuador-hotel.com\/mindo-2\/"},"modified":"2014-07-23T15:46:13","modified_gmt":"2014-07-23T15:46:13","slug":"mindo","status":"publish","type":"page","link":"https:\/\/www.ecuador-hotel.com\/fr\/mindo\/","title":{"rendered":"Mindo"},"content":{"rendered":"<p style=\"text-align: justify;\">Mindo est une petite ville situ\u00e9e \u00e0 2 heures de bus de Quito. Mindo est un havre de paix, de repos et de v\u00e9g\u00e9tation.\u00a0Le paysage est tr\u00e8s vert, la v\u00e9g\u00e9tation est dense.. La vie est rythm\u00e9e par le bruit des rivi\u00e8res et des cascades.\u00a0On s&#8217;y sent serein, loin de tout..<\/p>\n<p style=\"text-align: justify;\">\u00a0Ensuite, on est \u00e9merveill\u00e9 par la beaut\u00e9 des paysages, la chaleur du climat (26\u00ba \u00e0 peu pr\u00e8s toute l&#8217;ann\u00e9e).\u00a0Mindo est connue pour ses activit\u00e9s et ses r\u00e9serves de papillons.<\/p>\n","protected":false},"excerpt":{"rendered":"<p>Mindo est une petite ville situ\u00e9e \u00e0 2 heures de bus de Quito. Mindo est un havre de paix, de repos et de v\u00e9g\u00e9tation.\u00a0Le paysage est tr\u00e8s vert, la v\u00e9g\u00e9tation est dense.. La vie est rythm\u00e9e par le bruit des rivi\u00e8res et des cascades.\u00a0On s&#8217;y sent serein, loin de tout.. \u00a0Ensuite, on est \u00e9merveill\u00e9 par [&hellip;]<\/p>\n","protected":false},"author":2,"featured_media":0,"parent":0,"menu_order":0,"comment_status":"open","ping_status":"open","template":"page-template-portfolio.php","meta":{"nf_dc_page":"","jetpack_post_was_ever_published":false,"footnotes":""},"class_list":["post-925","page","type-page","status-publish","hentry"],"yoast_head":"<!-- This site is optimized with the Yoast SEO plugin v27.4 - https:\/\/yoast.com\/product\/yoast-seo-wordpress\/ -->\n<title>Mindo - Hotels of Ecuador<\/title>\n<meta name=\"robots\" content=\"index, follow, max-snippet:-1, max-image-preview:large, max-video-preview:-1\" \/>\n<link rel=\"canonical\" href=\"https:\/\/www.ecuador-hotel.com\/fr\/mindo\/\" \/>\n<meta property=\"og:locale\" content=\"fr_FR\" \/>\n<meta property=\"og:type\" content=\"article\" \/>\n<meta property=\"og:title\" content=\"Mindo - Hotels of Ecuador\" \/>\n<meta property=\"og:description\" content=\"Mindo est une petite ville situ\u00e9e \u00e0 2 heures de bus de Quito. Mindo est un havre de paix, de repos et de v\u00e9g\u00e9tation.\u00a0Le paysage est tr\u00e8s vert, la v\u00e9g\u00e9tation est dense.. La vie est rythm\u00e9e par le bruit des rivi\u00e8res et des cascades.\u00a0On s&#8217;y sent serein, loin de tout.. \u00a0Ensuite, on est \u00e9merveill\u00e9 par [&hellip;]\" \/>\n<meta property=\"og:url\" content=\"https:\/\/www.ecuador-hotel.com\/fr\/mindo\/\" \/>\n<meta property=\"og:site_name\" content=\"Hotels of Ecuador\" \/>\n<meta property=\"article:modified_time\" content=\"2014-07-23T15:46:13+00:00\" \/>\n<script type=\"application\/ld+json\" class=\"yoast-schema-graph\">{\"@context\":\"https:\\\/\\\/schema.org\",\"@graph\":[{\"@type\":\"WebPage\",\"@id\":\"https:\\\/\\\/www.ecuador-hotel.com\\\/fr\\\/mindo\\\/\",\"url\":\"https:\\\/\\\/www.ecuador-hotel.com\\\/fr\\\/mindo\\\/\",\"name\":\"Mindo - Hotels of Ecuador\",\"isPartOf\":{\"@id\":\"https:\\\/\\\/www.ecuador-hotel.com\\\/#website\"},\"datePublished\":\"2014-07-23T15:40:06+00:00\",\"dateModified\":\"2014-07-23T15:46:13+00:00\",\"breadcrumb\":{\"@id\":\"https:\\\/\\\/www.ecuador-hotel.com\\\/fr\\\/mindo\\\/#breadcrumb\"},\"inLanguage\":\"fr-FR\",\"potentialAction\":[{\"@type\":\"ReadAction\",\"target\":[\"https:\\\/\\\/www.ecuador-hotel.com\\\/fr\\\/mindo\\\/\"]}]},{\"@type\":\"BreadcrumbList\",\"@id\":\"https:\\\/\\\/www.ecuador-hotel.com\\\/fr\\\/mindo\\\/#breadcrumb\",\"itemListElement\":[{\"@type\":\"ListItem\",\"position\":1,\"name\":\"Home\",\"item\":\"https:\\\/\\\/www.ecuador-hotel.com\\\/\"},{\"@type\":\"ListItem\",\"position\":2,\"name\":\"Mindo\"}]},{\"@type\":\"WebSite\",\"@id\":\"https:\\\/\\\/www.ecuador-hotel.com\\\/#website\",\"url\":\"https:\\\/\\\/www.ecuador-hotel.com\\\/\",\"name\":\"Hotels of Ecuador\",\"description\":\"A travel guide through Ecuador\",\"potentialAction\":[{\"@type\":\"SearchAction\",\"target\":{\"@type\":\"EntryPoint\",\"urlTemplate\":\"https:\\\/\\\/www.ecuador-hotel.com\\\/?s={search_term_string}\"},\"query-input\":{\"@type\":\"PropertyValueSpecification\",\"valueRequired\":true,\"valueName\":\"search_term_string\"}}],\"inLanguage\":\"fr-FR\"}]}<\/script>\n<!-- \/ Yoast SEO plugin. -->","yoast_head_json":{"title":"Mindo - Hotels of Ecuador","robots":{"index":"index","follow":"follow","max-snippet":"max-snippet:-1","max-image-preview":"max-image-preview:large","max-video-preview":"max-video-preview:-1"},"canonical":"https:\/\/www.ecuador-hotel.com\/fr\/mindo\/","og_locale":"fr_FR","og_type":"article","og_title":"Mindo - Hotels of Ecuador","og_description":"Mindo est une petite ville situ\u00e9e \u00e0 2 heures de bus de Quito. Mindo est un havre de paix, de repos et de v\u00e9g\u00e9tation.\u00a0Le paysage est tr\u00e8s vert, la v\u00e9g\u00e9tation est dense.. La vie est rythm\u00e9e par le bruit des rivi\u00e8res et des cascades.\u00a0On s&#8217;y sent serein, loin de tout.. \u00a0Ensuite, on est \u00e9merveill\u00e9 par [&hellip;]","og_url":"https:\/\/www.ecuador-hotel.com\/fr\/mindo\/","og_site_name":"Hotels of Ecuador","article_modified_time":"2014-07-23T15:46:13+00:00","schema":{"@context":"https:\/\/schema.org","@graph":[{"@type":"WebPage","@id":"https:\/\/www.ecuador-hotel.com\/fr\/mindo\/","url":"https:\/\/www.ecuador-hotel.com\/fr\/mindo\/","name":"Mindo - Hotels of Ecuador","isPartOf":{"@id":"https:\/\/www.ecuador-hotel.com\/#website"},"datePublished":"2014-07-23T15:40:06+00:00","dateModified":"2014-07-23T15:46:13+00:00","breadcrumb":{"@id":"https:\/\/www.ecuador-hotel.com\/fr\/mindo\/#breadcrumb"},"inLanguage":"fr-FR","potentialAction":[{"@type":"ReadAction","target":["https:\/\/www.ecuador-hotel.com\/fr\/mindo\/"]}]},{"@type":"BreadcrumbList","@id":"https:\/\/www.ecuador-hotel.com\/fr\/mindo\/#breadcrumb","itemListElement":[{"@type":"ListItem","position":1,"name":"Home","item":"https:\/\/www.ecuador-hotel.com\/"},{"@type":"ListItem","position":2,"name":"Mindo"}]},{"@type":"WebSite","@id":"https:\/\/www.ecuador-hotel.com\/#website","url":"https:\/\/www.ecuador-hotel.com\/","name":"Hotels of Ecuador","description":"A travel guide through Ecuador","potentialAction":[{"@type":"SearchAction","target":{"@type":"EntryPoint","urlTemplate":"https:\/\/www.ecuador-hotel.com\/?s={search_term_string}"},"query-input":{"@type":"PropertyValueSpecification","valueRequired":true,"valueName":"search_term_string"}}],"inLanguage":"fr-FR"}]}},"jetpack_sharing_enabled":true,"jetpack_shortlink":"https:\/\/wp.me\/P4pFJc-eV","_links":{"self":[{"href":"https:\/\/www.ecuador-hotel.com\/fr\/wp-json\/wp\/v2\/pages\/925","targetHints":{"allow":["GET"]}}],"collection":[{"href":"https:\/\/www.ecuador-hotel.com\/fr\/wp-json\/wp\/v2\/pages"}],"about":[{"href":"https:\/\/www.ecuador-hotel.com\/fr\/wp-json\/wp\/v2\/types\/page"}],"author":[{"embeddable":true,"href":"https:\/\/www.ecuador-hotel.com\/fr\/wp-json\/wp\/v2\/users\/2"}],"replies":[{"embeddable":true,"href":"https:\/\/www.ecuador-hotel.com\/fr\/wp-json\/wp\/v2\/comments?post=925"}],"version-history":[{"count":2,"href":"https:\/\/www.ecuador-hotel.com\/fr\/wp-json\/wp\/v2\/pages\/925\/revisions"}],"predecessor-version":[{"id":928,"href":"https:\/\/www.ecuador-hotel.com\/fr\/wp-json\/wp\/v2\/pages\/925\/revisions\/928"}],"wp:attachment":[{"href":"https:\/\/www.ecuador-hotel.com\/fr\/wp-json\/wp\/v2\/media?parent=925"}],"curies":[{"name":"wp","href":"https:\/\/api.w.org\/{rel}","templated":true}]}}