{"id":867,"date":"2014-05-17T16:18:39","date_gmt":"2014-05-17T16:18:39","guid":{"rendered":"http:\/\/www.ecuador-hotel.com\/cuenca-2\/"},"modified":"2014-05-17T19:46:39","modified_gmt":"2014-05-17T19:46:39","slug":"cuenca","status":"publish","type":"page","link":"https:\/\/www.ecuador-hotel.com\/fr\/cuenca\/","title":{"rendered":"Cuenca"},"content":{"rendered":"<p style=\"text-align: justify;\"><b>Cuenca<\/b>\u00a0est une ville d&#8217;\u00c9quateur\u00a0et la capitale de la\u00a0province de Azuay. Elle est situ\u00e9e dans la\u00a0<i>Sierra<\/i>\u00a0\u2013\u00a0hauts plateaux\u00a0\u2013, \u00e02\u00a0500\u00a0m\u00a0au-dessus du niveau de la mer, \u00e0\u00a0307\u00a0km\u00a0au\u00a0sud\u00a0de\u00a0Quito. Son nom complet est\u00a0<i>Santa Ana de los Cuatro R\u00edos de Cuenca<\/i>. Avec une population d&#8217;environ 450\u00a0000 habitants, Cuenca est la troisi\u00e8me ville de l&#8217;\u00c9quateur.<\/p>\n<p style=\"text-align: justify;\">L&#8217;ancienne seconde capitale de l&#8217;Empire inca de Tomebamba a \u00e9t\u00e9 conquise en\u00a01533\u00a0par les Espagnols. Toutefois, son histoire remonte au village\u00a0ca\u00f1ari\u00a0appel\u00e9\u00a0<i>Guapondeleg<\/i>\u00a0(\u00ab\u00a0terre aussi grande que le paradis\u00a0\u00bb,\u00a0vi<sup>e<\/sup>\u00a0si\u00e8cle), conquis par les\u00a0Incas\u00a0et renomm\u00e9\u00a0<i>Tomebamba<\/i>. La ville actuelle a \u00e9t\u00e9 fond\u00e9e en\u00a01557\u00a0par l&#8217;historien\u00a0espagnol\u00a0Diego Hurtado de Mendoza\u00a0ou alors par Gil Ramirez Davalos, et a \u00e9t\u00e9 d\u00e9clar\u00e9e ind\u00e9pendante en\u00a01820.<\/p>\n<p style=\"text-align: justify;\">Elle a \u00e9t\u00e9 class\u00e9e en\u00a01999\u00a0comme centre historique du\u00a0Patrimoine culturel mondial\u00a0par l&#8217;Unesco.<\/p>\n<p style=\"text-align: justify;\">Cuenca se trouve sur la\u00a0Route panam\u00e9ricaine.<\/p>\n","protected":false},"excerpt":{"rendered":"<p>Cuenca\u00a0est une ville d&#8217;\u00c9quateur\u00a0et la capitale de la\u00a0province de Azuay. Elle est situ\u00e9e dans la\u00a0Sierra\u00a0\u2013\u00a0hauts plateaux\u00a0\u2013, \u00e02\u00a0500\u00a0m\u00a0au-dessus du niveau de la mer, \u00e0\u00a0307\u00a0km\u00a0au\u00a0sud\u00a0de\u00a0Quito. Son nom complet est\u00a0Santa Ana de los Cuatro R\u00edos de Cuenca. Avec une population d&#8217;environ 450\u00a0000 habitants, Cuenca est la troisi\u00e8me ville de l&#8217;\u00c9quateur. L&#8217;ancienne seconde capitale de l&#8217;Empire inca de Tomebamba [&hellip;]<\/p>\n","protected":false},"author":2,"featured_media":0,"parent":0,"menu_order":0,"comment_status":"open","ping_status":"open","template":"page-template-portfolio.php","meta":{"nf_dc_page":"","jetpack_post_was_ever_published":false,"footnotes":""},"class_list":["post-867","page","type-page","status-publish","hentry"],"yoast_head":"<!-- This site is optimized with the Yoast SEO plugin v27.4 - https:\/\/yoast.com\/product\/yoast-seo-wordpress\/ -->\n<title>Cuenca - Hotels of Ecuador<\/title>\n<meta name=\"robots\" content=\"index, follow, max-snippet:-1, max-image-preview:large, max-video-preview:-1\" \/>\n<link rel=\"canonical\" href=\"http:\/\/www.ecuador-hotel.com\/fr\/cuenca\/\" \/>\n<meta property=\"og:locale\" content=\"fr_FR\" \/>\n<meta property=\"og:type\" content=\"article\" \/>\n<meta property=\"og:title\" content=\"Cuenca - Hotels of Ecuador\" \/>\n<meta property=\"og:description\" content=\"Cuenca\u00a0est une ville d&#8217;\u00c9quateur\u00a0et la capitale de la\u00a0province de Azuay. Elle est situ\u00e9e dans la\u00a0Sierra\u00a0\u2013\u00a0hauts plateaux\u00a0\u2013, \u00e02\u00a0500\u00a0m\u00a0au-dessus du niveau de la mer, \u00e0\u00a0307\u00a0km\u00a0au\u00a0sud\u00a0de\u00a0Quito. Son nom complet est\u00a0Santa Ana de los Cuatro R\u00edos de Cuenca. Avec une population d&#8217;environ 450\u00a0000 habitants, Cuenca est la troisi\u00e8me ville de l&#8217;\u00c9quateur. L&#8217;ancienne seconde capitale de l&#8217;Empire inca de Tomebamba [&hellip;]\" \/>\n<meta property=\"og:url\" content=\"http:\/\/www.ecuador-hotel.com\/fr\/cuenca\/\" \/>\n<meta property=\"og:site_name\" content=\"Hotels of Ecuador\" \/>\n<meta property=\"article:modified_time\" content=\"2014-05-17T19:46:39+00:00\" \/>\n<meta name=\"twitter:label1\" content=\"Dur\u00e9e de lecture estim\u00e9e\" \/>\n\t<meta name=\"twitter:data1\" content=\"1 minute\" \/>\n<script type=\"application\/ld+json\" class=\"yoast-schema-graph\">{\"@context\":\"https:\\\/\\\/schema.org\",\"@graph\":[{\"@type\":\"WebPage\",\"@id\":\"http:\\\/\\\/www.ecuador-hotel.com\\\/fr\\\/cuenca\\\/\",\"url\":\"http:\\\/\\\/www.ecuador-hotel.com\\\/fr\\\/cuenca\\\/\",\"name\":\"Cuenca - Hotels of Ecuador\",\"isPartOf\":{\"@id\":\"https:\\\/\\\/www.ecuador-hotel.com\\\/#website\"},\"datePublished\":\"2014-05-17T16:18:39+00:00\",\"dateModified\":\"2014-05-17T19:46:39+00:00\",\"breadcrumb\":{\"@id\":\"http:\\\/\\\/www.ecuador-hotel.com\\\/fr\\\/cuenca\\\/#breadcrumb\"},\"inLanguage\":\"fr-FR\",\"potentialAction\":[{\"@type\":\"ReadAction\",\"target\":[\"http:\\\/\\\/www.ecuador-hotel.com\\\/fr\\\/cuenca\\\/\"]}]},{\"@type\":\"BreadcrumbList\",\"@id\":\"http:\\\/\\\/www.ecuador-hotel.com\\\/fr\\\/cuenca\\\/#breadcrumb\",\"itemListElement\":[{\"@type\":\"ListItem\",\"position\":1,\"name\":\"Home\",\"item\":\"https:\\\/\\\/www.ecuador-hotel.com\\\/\"},{\"@type\":\"ListItem\",\"position\":2,\"name\":\"Cuenca\"}]},{\"@type\":\"WebSite\",\"@id\":\"https:\\\/\\\/www.ecuador-hotel.com\\\/#website\",\"url\":\"https:\\\/\\\/www.ecuador-hotel.com\\\/\",\"name\":\"Hotels of Ecuador\",\"description\":\"A travel guide through Ecuador\",\"potentialAction\":[{\"@type\":\"SearchAction\",\"target\":{\"@type\":\"EntryPoint\",\"urlTemplate\":\"https:\\\/\\\/www.ecuador-hotel.com\\\/?s={search_term_string}\"},\"query-input\":{\"@type\":\"PropertyValueSpecification\",\"valueRequired\":true,\"valueName\":\"search_term_string\"}}],\"inLanguage\":\"fr-FR\"}]}<\/script>\n<!-- \/ Yoast SEO plugin. -->","yoast_head_json":{"title":"Cuenca - Hotels of Ecuador","robots":{"index":"index","follow":"follow","max-snippet":"max-snippet:-1","max-image-preview":"max-image-preview:large","max-video-preview":"max-video-preview:-1"},"canonical":"http:\/\/www.ecuador-hotel.com\/fr\/cuenca\/","og_locale":"fr_FR","og_type":"article","og_title":"Cuenca - Hotels of Ecuador","og_description":"Cuenca\u00a0est une ville d&#8217;\u00c9quateur\u00a0et la capitale de la\u00a0province de Azuay. Elle est situ\u00e9e dans la\u00a0Sierra\u00a0\u2013\u00a0hauts plateaux\u00a0\u2013, \u00e02\u00a0500\u00a0m\u00a0au-dessus du niveau de la mer, \u00e0\u00a0307\u00a0km\u00a0au\u00a0sud\u00a0de\u00a0Quito. Son nom complet est\u00a0Santa Ana de los Cuatro R\u00edos de Cuenca. Avec une population d&#8217;environ 450\u00a0000 habitants, Cuenca est la troisi\u00e8me ville de l&#8217;\u00c9quateur. L&#8217;ancienne seconde capitale de l&#8217;Empire inca de Tomebamba [&hellip;]","og_url":"http:\/\/www.ecuador-hotel.com\/fr\/cuenca\/","og_site_name":"Hotels of Ecuador","article_modified_time":"2014-05-17T19:46:39+00:00","twitter_misc":{"Dur\u00e9e de lecture estim\u00e9e":"1 minute"},"schema":{"@context":"https:\/\/schema.org","@graph":[{"@type":"WebPage","@id":"http:\/\/www.ecuador-hotel.com\/fr\/cuenca\/","url":"http:\/\/www.ecuador-hotel.com\/fr\/cuenca\/","name":"Cuenca - Hotels of Ecuador","isPartOf":{"@id":"https:\/\/www.ecuador-hotel.com\/#website"},"datePublished":"2014-05-17T16:18:39+00:00","dateModified":"2014-05-17T19:46:39+00:00","breadcrumb":{"@id":"http:\/\/www.ecuador-hotel.com\/fr\/cuenca\/#breadcrumb"},"inLanguage":"fr-FR","potentialAction":[{"@type":"ReadAction","target":["http:\/\/www.ecuador-hotel.com\/fr\/cuenca\/"]}]},{"@type":"BreadcrumbList","@id":"http:\/\/www.ecuador-hotel.com\/fr\/cuenca\/#breadcrumb","itemListElement":[{"@type":"ListItem","position":1,"name":"Home","item":"https:\/\/www.ecuador-hotel.com\/"},{"@type":"ListItem","position":2,"name":"Cuenca"}]},{"@type":"WebSite","@id":"https:\/\/www.ecuador-hotel.com\/#website","url":"https:\/\/www.ecuador-hotel.com\/","name":"Hotels of Ecuador","description":"A travel guide through Ecuador","potentialAction":[{"@type":"SearchAction","target":{"@type":"EntryPoint","urlTemplate":"https:\/\/www.ecuador-hotel.com\/?s={search_term_string}"},"query-input":{"@type":"PropertyValueSpecification","valueRequired":true,"valueName":"search_term_string"}}],"inLanguage":"fr-FR"}]}},"jetpack_sharing_enabled":true,"jetpack_shortlink":"https:\/\/wp.me\/P4pFJc-dZ","_links":{"self":[{"href":"https:\/\/www.ecuador-hotel.com\/fr\/wp-json\/wp\/v2\/pages\/867","targetHints":{"allow":["GET"]}}],"collection":[{"href":"https:\/\/www.ecuador-hotel.com\/fr\/wp-json\/wp\/v2\/pages"}],"about":[{"href":"https:\/\/www.ecuador-hotel.com\/fr\/wp-json\/wp\/v2\/types\/page"}],"author":[{"embeddable":true,"href":"https:\/\/www.ecuador-hotel.com\/fr\/wp-json\/wp\/v2\/users\/2"}],"replies":[{"embeddable":true,"href":"https:\/\/www.ecuador-hotel.com\/fr\/wp-json\/wp\/v2\/comments?post=867"}],"version-history":[{"count":2,"href":"https:\/\/www.ecuador-hotel.com\/fr\/wp-json\/wp\/v2\/pages\/867\/revisions"}],"predecessor-version":[{"id":872,"href":"https:\/\/www.ecuador-hotel.com\/fr\/wp-json\/wp\/v2\/pages\/867\/revisions\/872"}],"wp:attachment":[{"href":"https:\/\/www.ecuador-hotel.com\/fr\/wp-json\/wp\/v2\/media?parent=867"}],"curies":[{"name":"wp","href":"https:\/\/api.w.org\/{rel}","templated":true}]}}