{"id":782,"date":"2014-03-05T17:16:42","date_gmt":"2014-03-05T17:16:42","guid":{"rendered":"http:\/\/www.ecuador-hotel.com\/pichincha-2\/"},"modified":"2014-07-23T16:00:39","modified_gmt":"2014-07-23T16:00:39","slug":"pichincha","status":"publish","type":"page","link":"https:\/\/www.ecuador-hotel.com\/fr\/pichincha\/","title":{"rendered":"PICHINCHA"},"content":{"rendered":"<p style=\"text-align: justify;\">La Province de Pichincha\u00a0est une province de l&#8217;\u00c9quateur\u00a0en\u00a0Am\u00e9rique du Sud. Elle compte 2 239 191 habitants sur une superficie de 352 km\u00b2. La densit\u00e9 de population de la Province de Pichincha est donc de 6 361,3 habitants par km\u00b2.<br \/>\nLe Climat oc\u00e9anique avec \u00e9t\u00e9 temp\u00e9r\u00e9 est le climat principal de la Province de Pichincha.<\/p>\n","protected":false},"excerpt":{"rendered":"<p>La Province de Pichincha\u00a0est une province de l&#8217;\u00c9quateur\u00a0en\u00a0Am\u00e9rique du Sud. Elle compte 2 239 191 habitants sur une superficie de 352 km\u00b2. La densit\u00e9 de population de la Province de Pichincha est donc de 6 361,3 habitants par km\u00b2. Le Climat oc\u00e9anique avec \u00e9t\u00e9 temp\u00e9r\u00e9 est le climat principal de la Province de Pichincha.<\/p>\n","protected":false},"author":2,"featured_media":0,"parent":0,"menu_order":0,"comment_status":"open","ping_status":"open","template":"page-template-portfolio.php","meta":{"nf_dc_page":"","jetpack_post_was_ever_published":false,"footnotes":""},"class_list":["post-782","page","type-page","status-publish","hentry"],"yoast_head":"<!-- This site is optimized with the Yoast SEO plugin v27.4 - https:\/\/yoast.com\/product\/yoast-seo-wordpress\/ -->\n<title>PICHINCHA - Hotels of Ecuador<\/title>\n<meta name=\"robots\" content=\"index, follow, max-snippet:-1, max-image-preview:large, max-video-preview:-1\" \/>\n<link rel=\"canonical\" href=\"https:\/\/www.ecuador-hotel.com\/fr\/pichincha\/\" \/>\n<meta property=\"og:locale\" content=\"fr_FR\" \/>\n<meta property=\"og:type\" content=\"article\" \/>\n<meta property=\"og:title\" content=\"PICHINCHA - Hotels of Ecuador\" \/>\n<meta property=\"og:description\" content=\"La Province de Pichincha\u00a0est une province de l&#8217;\u00c9quateur\u00a0en\u00a0Am\u00e9rique du Sud. Elle compte 2 239 191 habitants sur une superficie de 352 km\u00b2. La densit\u00e9 de population de la Province de Pichincha est donc de 6 361,3 habitants par km\u00b2. Le Climat oc\u00e9anique avec \u00e9t\u00e9 temp\u00e9r\u00e9 est le climat principal de la Province de Pichincha.\" \/>\n<meta property=\"og:url\" content=\"https:\/\/www.ecuador-hotel.com\/fr\/pichincha\/\" \/>\n<meta property=\"og:site_name\" content=\"Hotels of Ecuador\" \/>\n<meta property=\"article:modified_time\" content=\"2014-07-23T16:00:39+00:00\" \/>\n<script type=\"application\/ld+json\" class=\"yoast-schema-graph\">{\"@context\":\"https:\\\/\\\/schema.org\",\"@graph\":[{\"@type\":\"WebPage\",\"@id\":\"https:\\\/\\\/www.ecuador-hotel.com\\\/fr\\\/pichincha\\\/\",\"url\":\"https:\\\/\\\/www.ecuador-hotel.com\\\/fr\\\/pichincha\\\/\",\"name\":\"PICHINCHA - Hotels of Ecuador\",\"isPartOf\":{\"@id\":\"https:\\\/\\\/www.ecuador-hotel.com\\\/#website\"},\"datePublished\":\"2014-03-05T17:16:42+00:00\",\"dateModified\":\"2014-07-23T16:00:39+00:00\",\"breadcrumb\":{\"@id\":\"https:\\\/\\\/www.ecuador-hotel.com\\\/fr\\\/pichincha\\\/#breadcrumb\"},\"inLanguage\":\"fr-FR\",\"potentialAction\":[{\"@type\":\"ReadAction\",\"target\":[\"https:\\\/\\\/www.ecuador-hotel.com\\\/fr\\\/pichincha\\\/\"]}]},{\"@type\":\"BreadcrumbList\",\"@id\":\"https:\\\/\\\/www.ecuador-hotel.com\\\/fr\\\/pichincha\\\/#breadcrumb\",\"itemListElement\":[{\"@type\":\"ListItem\",\"position\":1,\"name\":\"Home\",\"item\":\"https:\\\/\\\/www.ecuador-hotel.com\\\/\"},{\"@type\":\"ListItem\",\"position\":2,\"name\":\"PICHINCHA\"}]},{\"@type\":\"WebSite\",\"@id\":\"https:\\\/\\\/www.ecuador-hotel.com\\\/#website\",\"url\":\"https:\\\/\\\/www.ecuador-hotel.com\\\/\",\"name\":\"Hotels of Ecuador\",\"description\":\"A travel guide through Ecuador\",\"potentialAction\":[{\"@type\":\"SearchAction\",\"target\":{\"@type\":\"EntryPoint\",\"urlTemplate\":\"https:\\\/\\\/www.ecuador-hotel.com\\\/?s={search_term_string}\"},\"query-input\":{\"@type\":\"PropertyValueSpecification\",\"valueRequired\":true,\"valueName\":\"search_term_string\"}}],\"inLanguage\":\"fr-FR\"}]}<\/script>\n<!-- \/ Yoast SEO plugin. -->","yoast_head_json":{"title":"PICHINCHA - Hotels of Ecuador","robots":{"index":"index","follow":"follow","max-snippet":"max-snippet:-1","max-image-preview":"max-image-preview:large","max-video-preview":"max-video-preview:-1"},"canonical":"https:\/\/www.ecuador-hotel.com\/fr\/pichincha\/","og_locale":"fr_FR","og_type":"article","og_title":"PICHINCHA - Hotels of Ecuador","og_description":"La Province de Pichincha\u00a0est une province de l&#8217;\u00c9quateur\u00a0en\u00a0Am\u00e9rique du Sud. Elle compte 2 239 191 habitants sur une superficie de 352 km\u00b2. La densit\u00e9 de population de la Province de Pichincha est donc de 6 361,3 habitants par km\u00b2. Le Climat oc\u00e9anique avec \u00e9t\u00e9 temp\u00e9r\u00e9 est le climat principal de la Province de Pichincha.","og_url":"https:\/\/www.ecuador-hotel.com\/fr\/pichincha\/","og_site_name":"Hotels of Ecuador","article_modified_time":"2014-07-23T16:00:39+00:00","schema":{"@context":"https:\/\/schema.org","@graph":[{"@type":"WebPage","@id":"https:\/\/www.ecuador-hotel.com\/fr\/pichincha\/","url":"https:\/\/www.ecuador-hotel.com\/fr\/pichincha\/","name":"PICHINCHA - Hotels of Ecuador","isPartOf":{"@id":"https:\/\/www.ecuador-hotel.com\/#website"},"datePublished":"2014-03-05T17:16:42+00:00","dateModified":"2014-07-23T16:00:39+00:00","breadcrumb":{"@id":"https:\/\/www.ecuador-hotel.com\/fr\/pichincha\/#breadcrumb"},"inLanguage":"fr-FR","potentialAction":[{"@type":"ReadAction","target":["https:\/\/www.ecuador-hotel.com\/fr\/pichincha\/"]}]},{"@type":"BreadcrumbList","@id":"https:\/\/www.ecuador-hotel.com\/fr\/pichincha\/#breadcrumb","itemListElement":[{"@type":"ListItem","position":1,"name":"Home","item":"https:\/\/www.ecuador-hotel.com\/"},{"@type":"ListItem","position":2,"name":"PICHINCHA"}]},{"@type":"WebSite","@id":"https:\/\/www.ecuador-hotel.com\/#website","url":"https:\/\/www.ecuador-hotel.com\/","name":"Hotels of Ecuador","description":"A travel guide through Ecuador","potentialAction":[{"@type":"SearchAction","target":{"@type":"EntryPoint","urlTemplate":"https:\/\/www.ecuador-hotel.com\/?s={search_term_string}"},"query-input":{"@type":"PropertyValueSpecification","valueRequired":true,"valueName":"search_term_string"}}],"inLanguage":"fr-FR"}]}},"jetpack_sharing_enabled":true,"jetpack_shortlink":"https:\/\/wp.me\/P4pFJc-cC","_links":{"self":[{"href":"https:\/\/www.ecuador-hotel.com\/fr\/wp-json\/wp\/v2\/pages\/782","targetHints":{"allow":["GET"]}}],"collection":[{"href":"https:\/\/www.ecuador-hotel.com\/fr\/wp-json\/wp\/v2\/pages"}],"about":[{"href":"https:\/\/www.ecuador-hotel.com\/fr\/wp-json\/wp\/v2\/types\/page"}],"author":[{"embeddable":true,"href":"https:\/\/www.ecuador-hotel.com\/fr\/wp-json\/wp\/v2\/users\/2"}],"replies":[{"embeddable":true,"href":"https:\/\/www.ecuador-hotel.com\/fr\/wp-json\/wp\/v2\/comments?post=782"}],"version-history":[{"count":2,"href":"https:\/\/www.ecuador-hotel.com\/fr\/wp-json\/wp\/v2\/pages\/782\/revisions"}],"predecessor-version":[{"id":930,"href":"https:\/\/www.ecuador-hotel.com\/fr\/wp-json\/wp\/v2\/pages\/782\/revisions\/930"}],"wp:attachment":[{"href":"https:\/\/www.ecuador-hotel.com\/fr\/wp-json\/wp\/v2\/media?parent=782"}],"curies":[{"name":"wp","href":"https:\/\/api.w.org\/{rel}","templated":true}]}}