{"id":780,"date":"2014-04-29T14:33:46","date_gmt":"2014-04-29T14:33:46","guid":{"rendered":"http:\/\/www.ecuador-hotel.com\/quito-2\/"},"modified":"2014-04-29T14:38:54","modified_gmt":"2014-04-29T14:38:54","slug":"quito","status":"publish","type":"page","link":"https:\/\/www.ecuador-hotel.com\/fr\/quito\/","title":{"rendered":"Quito"},"content":{"rendered":"<p style=\"text-align: justify;\"><b>Quito<\/b>\u00a0est la\u00a0capitale\u00a0de l&#8217;\u00c9quateur\u00a0et de la\u00a0province de Pichincha. Le Grand Quito du District m\u00e9tropolitain comptait environ 2,1 millions d&#8217;habitants en\u00a02007\u00a0et continue de s&#8217;accro\u00eetre rapidement.<\/p>\n<p style=\"text-align: justify;\">La ville s&#8217;\u00e9tend du nord au sud sur\u00a050\u00a0km\u00a0de longueur, \u00e0 une altitude de\u00a02\u00a0850\u00a0m, sur les flancs du volcan\u00a0Guagua Pichincha. Son nom vient des tribus Quitus qui pr\u00e9c\u00e9d\u00e8rent les Caras. Si on la dit &#8216;fond\u00e9e&#8217; par les colons espagnols le\u00a0<time datetime=\"1534-12-16\">6 d\u00e9cembre\u00a01534<\/time>, en r\u00e9alit\u00e9 les Incas s&#8217;y \u00e9taient \u00e9tablis quelque 50 ans auparavant, s&#8217;installant dans une zone d\u00e9j\u00e0 habit\u00e9e depuis presque 2500 ans.<\/p>\n<p style=\"text-align: justify;\">Le centre n\u00e9vralgique de Quito se situe au nord de la ville.<\/p>\n<p style=\"text-align: justify;\">Plus au sud se trouve le centre colonial historique, un point de passage oblig\u00e9 pour tous les touristes. L&#8217;UNESCO\u00a0a d&#8217;ailleurs d\u00e9clar\u00e9 Quito\u00a0<i>Patrimoine de l&#8217;Humanit\u00e9<\/i>\u00a0en\u00a01978\u00a0pour son architecture coloniale.<\/p>\n<p style=\"text-align: justify;\">La ville est situ\u00e9e pr\u00e8s du volcan\u00a0Guagua Pichincha\u00a0qui entra en \u00e9ruption en\u00a01999.<\/p>\n<p style=\"text-align: justify;\">Wikipedia<\/p>\n","protected":false},"excerpt":{"rendered":"<p>Quito\u00a0est la\u00a0capitale\u00a0de l&#8217;\u00c9quateur\u00a0et de la\u00a0province de Pichincha. Le Grand Quito du District m\u00e9tropolitain comptait environ 2,1 millions d&#8217;habitants en\u00a02007\u00a0et continue de s&#8217;accro\u00eetre rapidement. La ville s&#8217;\u00e9tend du nord au sud sur\u00a050\u00a0km\u00a0de longueur, \u00e0 une altitude de\u00a02\u00a0850\u00a0m, sur les flancs du volcan\u00a0Guagua Pichincha. Son nom vient des tribus Quitus qui pr\u00e9c\u00e9d\u00e8rent les Caras. Si on la [&hellip;]<\/p>\n","protected":false},"author":2,"featured_media":0,"parent":0,"menu_order":0,"comment_status":"open","ping_status":"open","template":"page-template-portfolio.php","meta":{"nf_dc_page":"","jetpack_post_was_ever_published":false,"footnotes":""},"class_list":["post-780","page","type-page","status-publish","hentry"],"yoast_head":"<!-- This site is optimized with the Yoast SEO plugin v27.4 - https:\/\/yoast.com\/product\/yoast-seo-wordpress\/ -->\n<title>Quito - Hotels of Ecuador<\/title>\n<meta name=\"robots\" content=\"index, follow, max-snippet:-1, max-image-preview:large, max-video-preview:-1\" \/>\n<link rel=\"canonical\" href=\"https:\/\/www.ecuador-hotel.com\/fr\/quito\/\" \/>\n<meta property=\"og:locale\" content=\"fr_FR\" \/>\n<meta property=\"og:type\" content=\"article\" \/>\n<meta property=\"og:title\" content=\"Quito - Hotels of Ecuador\" \/>\n<meta property=\"og:description\" content=\"Quito\u00a0est la\u00a0capitale\u00a0de l&#8217;\u00c9quateur\u00a0et de la\u00a0province de Pichincha. Le Grand Quito du District m\u00e9tropolitain comptait environ 2,1 millions d&#8217;habitants en\u00a02007\u00a0et continue de s&#8217;accro\u00eetre rapidement. La ville s&#8217;\u00e9tend du nord au sud sur\u00a050\u00a0km\u00a0de longueur, \u00e0 une altitude de\u00a02\u00a0850\u00a0m, sur les flancs du volcan\u00a0Guagua Pichincha. Son nom vient des tribus Quitus qui pr\u00e9c\u00e9d\u00e8rent les Caras. Si on la [&hellip;]\" \/>\n<meta property=\"og:url\" content=\"https:\/\/www.ecuador-hotel.com\/fr\/quito\/\" \/>\n<meta property=\"og:site_name\" content=\"Hotels of Ecuador\" \/>\n<meta property=\"article:modified_time\" content=\"2014-04-29T14:38:54+00:00\" \/>\n<meta name=\"twitter:label1\" content=\"Dur\u00e9e de lecture estim\u00e9e\" \/>\n\t<meta name=\"twitter:data1\" content=\"1 minute\" \/>\n<script type=\"application\/ld+json\" class=\"yoast-schema-graph\">{\"@context\":\"https:\\\/\\\/schema.org\",\"@graph\":[{\"@type\":\"WebPage\",\"@id\":\"https:\\\/\\\/www.ecuador-hotel.com\\\/fr\\\/quito\\\/\",\"url\":\"https:\\\/\\\/www.ecuador-hotel.com\\\/fr\\\/quito\\\/\",\"name\":\"Quito - Hotels of Ecuador\",\"isPartOf\":{\"@id\":\"https:\\\/\\\/www.ecuador-hotel.com\\\/#website\"},\"datePublished\":\"2014-04-29T14:33:46+00:00\",\"dateModified\":\"2014-04-29T14:38:54+00:00\",\"breadcrumb\":{\"@id\":\"https:\\\/\\\/www.ecuador-hotel.com\\\/fr\\\/quito\\\/#breadcrumb\"},\"inLanguage\":\"fr-FR\",\"potentialAction\":[{\"@type\":\"ReadAction\",\"target\":[\"https:\\\/\\\/www.ecuador-hotel.com\\\/fr\\\/quito\\\/\"]}]},{\"@type\":\"BreadcrumbList\",\"@id\":\"https:\\\/\\\/www.ecuador-hotel.com\\\/fr\\\/quito\\\/#breadcrumb\",\"itemListElement\":[{\"@type\":\"ListItem\",\"position\":1,\"name\":\"Home\",\"item\":\"https:\\\/\\\/www.ecuador-hotel.com\\\/\"},{\"@type\":\"ListItem\",\"position\":2,\"name\":\"Quito\"}]},{\"@type\":\"WebSite\",\"@id\":\"https:\\\/\\\/www.ecuador-hotel.com\\\/#website\",\"url\":\"https:\\\/\\\/www.ecuador-hotel.com\\\/\",\"name\":\"Hotels of Ecuador\",\"description\":\"A travel guide through Ecuador\",\"potentialAction\":[{\"@type\":\"SearchAction\",\"target\":{\"@type\":\"EntryPoint\",\"urlTemplate\":\"https:\\\/\\\/www.ecuador-hotel.com\\\/?s={search_term_string}\"},\"query-input\":{\"@type\":\"PropertyValueSpecification\",\"valueRequired\":true,\"valueName\":\"search_term_string\"}}],\"inLanguage\":\"fr-FR\"}]}<\/script>\n<!-- \/ Yoast SEO plugin. -->","yoast_head_json":{"title":"Quito - Hotels of Ecuador","robots":{"index":"index","follow":"follow","max-snippet":"max-snippet:-1","max-image-preview":"max-image-preview:large","max-video-preview":"max-video-preview:-1"},"canonical":"https:\/\/www.ecuador-hotel.com\/fr\/quito\/","og_locale":"fr_FR","og_type":"article","og_title":"Quito - Hotels of Ecuador","og_description":"Quito\u00a0est la\u00a0capitale\u00a0de l&#8217;\u00c9quateur\u00a0et de la\u00a0province de Pichincha. Le Grand Quito du District m\u00e9tropolitain comptait environ 2,1 millions d&#8217;habitants en\u00a02007\u00a0et continue de s&#8217;accro\u00eetre rapidement. La ville s&#8217;\u00e9tend du nord au sud sur\u00a050\u00a0km\u00a0de longueur, \u00e0 une altitude de\u00a02\u00a0850\u00a0m, sur les flancs du volcan\u00a0Guagua Pichincha. Son nom vient des tribus Quitus qui pr\u00e9c\u00e9d\u00e8rent les Caras. Si on la [&hellip;]","og_url":"https:\/\/www.ecuador-hotel.com\/fr\/quito\/","og_site_name":"Hotels of Ecuador","article_modified_time":"2014-04-29T14:38:54+00:00","twitter_misc":{"Dur\u00e9e de lecture estim\u00e9e":"1 minute"},"schema":{"@context":"https:\/\/schema.org","@graph":[{"@type":"WebPage","@id":"https:\/\/www.ecuador-hotel.com\/fr\/quito\/","url":"https:\/\/www.ecuador-hotel.com\/fr\/quito\/","name":"Quito - Hotels of Ecuador","isPartOf":{"@id":"https:\/\/www.ecuador-hotel.com\/#website"},"datePublished":"2014-04-29T14:33:46+00:00","dateModified":"2014-04-29T14:38:54+00:00","breadcrumb":{"@id":"https:\/\/www.ecuador-hotel.com\/fr\/quito\/#breadcrumb"},"inLanguage":"fr-FR","potentialAction":[{"@type":"ReadAction","target":["https:\/\/www.ecuador-hotel.com\/fr\/quito\/"]}]},{"@type":"BreadcrumbList","@id":"https:\/\/www.ecuador-hotel.com\/fr\/quito\/#breadcrumb","itemListElement":[{"@type":"ListItem","position":1,"name":"Home","item":"https:\/\/www.ecuador-hotel.com\/"},{"@type":"ListItem","position":2,"name":"Quito"}]},{"@type":"WebSite","@id":"https:\/\/www.ecuador-hotel.com\/#website","url":"https:\/\/www.ecuador-hotel.com\/","name":"Hotels of Ecuador","description":"A travel guide through Ecuador","potentialAction":[{"@type":"SearchAction","target":{"@type":"EntryPoint","urlTemplate":"https:\/\/www.ecuador-hotel.com\/?s={search_term_string}"},"query-input":{"@type":"PropertyValueSpecification","valueRequired":true,"valueName":"search_term_string"}}],"inLanguage":"fr-FR"}]}},"jetpack_sharing_enabled":true,"jetpack_shortlink":"https:\/\/wp.me\/P4pFJc-cA","_links":{"self":[{"href":"https:\/\/www.ecuador-hotel.com\/fr\/wp-json\/wp\/v2\/pages\/780","targetHints":{"allow":["GET"]}}],"collection":[{"href":"https:\/\/www.ecuador-hotel.com\/fr\/wp-json\/wp\/v2\/pages"}],"about":[{"href":"https:\/\/www.ecuador-hotel.com\/fr\/wp-json\/wp\/v2\/types\/page"}],"author":[{"embeddable":true,"href":"https:\/\/www.ecuador-hotel.com\/fr\/wp-json\/wp\/v2\/users\/2"}],"replies":[{"embeddable":true,"href":"https:\/\/www.ecuador-hotel.com\/fr\/wp-json\/wp\/v2\/comments?post=780"}],"version-history":[{"count":1,"href":"https:\/\/www.ecuador-hotel.com\/fr\/wp-json\/wp\/v2\/pages\/780\/revisions"}],"predecessor-version":[{"id":786,"href":"https:\/\/www.ecuador-hotel.com\/fr\/wp-json\/wp\/v2\/pages\/780\/revisions\/786"}],"wp:attachment":[{"href":"https:\/\/www.ecuador-hotel.com\/fr\/wp-json\/wp\/v2\/media?parent=780"}],"curies":[{"name":"wp","href":"https:\/\/api.w.org\/{rel}","templated":true}]}}