{"id":709,"date":"2014-03-26T15:14:55","date_gmt":"2014-03-26T15:14:55","guid":{"rendered":"http:\/\/www.ecuador-hotel.com\/otavalo-2\/"},"modified":"2014-03-26T15:21:32","modified_gmt":"2014-03-26T15:21:32","slug":"otavalo","status":"publish","type":"page","link":"https:\/\/www.ecuador-hotel.com\/fr\/otavalo\/","title":{"rendered":"Otavalo"},"content":{"rendered":"<p style=\"text-align: justify;\"><b>Otavalo<\/b>\u00a0est une ville d&#8217;\u00c9quateur\u00a0situ\u00e9e au nord de la r\u00e9gion\u00a0andine\u00a0(Sierra) dans la province d&#8217;Imbabura\u00a0(altitude\u00a0: 2\u00a0530 m\u00e8tres). Sa population est approximativement de\u00a041\u00a0000\u00a0habitants1.<\/p>\n<p style=\"text-align: justify;\">La cit\u00e9 coloniale de\u00a0<i>San Luis de Otavalo<\/i>\u00a0a \u00e9t\u00e9 fond\u00e9e en l\u2019an 1534 par les espagnols. Elle obtint le statut de ville en 1829 par un d\u00e9cret deSim\u00f3n Bol\u00edvar\u00a0alors pr\u00e9sident de\u00a0Grande Colombie.<\/p>\n<p style=\"text-align: justify;\"><b>Otavalo<\/b>\u00a0est \u00e9galement le nom de l&#8217;un des\u00a0peuples indig\u00e8nes d&#8217;\u00c9quateur\u00a0appartenant \u00e0 la nationalit\u00e9 Kichwa (Quechuas) et comptant environ 65\u00a0000 membres dans la province.<\/p>\n<p style=\"text-align: justify;\">Les langues usuelles sont le runasimi (quechua) et l&#8217;espagnol. Avant la conqu\u00eate espagnole, les Am\u00e9rindiens d&#8217;Otavalo parlaient le\u00a0cara, une langue maintenant \u00e9teinte.<\/p>\n","protected":false},"excerpt":{"rendered":"<p>Otavalo\u00a0est une ville d&#8217;\u00c9quateur\u00a0situ\u00e9e au nord de la r\u00e9gion\u00a0andine\u00a0(Sierra) dans la province d&#8217;Imbabura\u00a0(altitude\u00a0: 2\u00a0530 m\u00e8tres). Sa population est approximativement de\u00a041\u00a0000\u00a0habitants1. La cit\u00e9 coloniale de\u00a0San Luis de Otavalo\u00a0a \u00e9t\u00e9 fond\u00e9e en l\u2019an 1534 par les espagnols. Elle obtint le statut de ville en 1829 par un d\u00e9cret deSim\u00f3n Bol\u00edvar\u00a0alors pr\u00e9sident de\u00a0Grande Colombie. Otavalo\u00a0est \u00e9galement le nom [&hellip;]<\/p>\n","protected":false},"author":2,"featured_media":707,"parent":0,"menu_order":0,"comment_status":"open","ping_status":"open","template":"page-template-portfolio.php","meta":{"nf_dc_page":"","jetpack_post_was_ever_published":false,"footnotes":""},"class_list":["post-709","page","type-page","status-publish","has-post-thumbnail","hentry"],"yoast_head":"<!-- This site is optimized with the Yoast SEO plugin v27.4 - https:\/\/yoast.com\/product\/yoast-seo-wordpress\/ -->\n<title>Otavalo - Hotels of Ecuador<\/title>\n<meta name=\"robots\" content=\"index, follow, max-snippet:-1, max-image-preview:large, max-video-preview:-1\" \/>\n<link rel=\"canonical\" href=\"https:\/\/www.ecuador-hotel.com\/fr\/otavalo\/\" \/>\n<meta property=\"og:locale\" content=\"fr_FR\" \/>\n<meta property=\"og:type\" content=\"article\" \/>\n<meta property=\"og:title\" content=\"Otavalo - Hotels of Ecuador\" \/>\n<meta property=\"og:description\" content=\"Otavalo\u00a0est une ville d&#8217;\u00c9quateur\u00a0situ\u00e9e au nord de la r\u00e9gion\u00a0andine\u00a0(Sierra) dans la province d&#8217;Imbabura\u00a0(altitude\u00a0: 2\u00a0530 m\u00e8tres). Sa population est approximativement de\u00a041\u00a0000\u00a0habitants1. La cit\u00e9 coloniale de\u00a0San Luis de Otavalo\u00a0a \u00e9t\u00e9 fond\u00e9e en l\u2019an 1534 par les espagnols. Elle obtint le statut de ville en 1829 par un d\u00e9cret deSim\u00f3n Bol\u00edvar\u00a0alors pr\u00e9sident de\u00a0Grande Colombie. Otavalo\u00a0est \u00e9galement le nom [&hellip;]\" \/>\n<meta property=\"og:url\" content=\"https:\/\/www.ecuador-hotel.com\/fr\/otavalo\/\" \/>\n<meta property=\"og:site_name\" content=\"Hotels of Ecuador\" \/>\n<meta property=\"article:modified_time\" content=\"2014-03-26T15:21:32+00:00\" \/>\n<meta property=\"og:image\" content=\"https:\/\/i0.wp.com\/www.ecuador-hotel.com\/wp-content\/uploads\/2014\/03\/IMG_0470.jpg?fit=1100%2C400&ssl=1\" \/>\n\t<meta property=\"og:image:width\" content=\"1100\" \/>\n\t<meta property=\"og:image:height\" content=\"400\" \/>\n\t<meta property=\"og:image:type\" content=\"image\/jpeg\" \/>\n<meta name=\"twitter:label1\" content=\"Dur\u00e9e de lecture estim\u00e9e\" \/>\n\t<meta name=\"twitter:data1\" content=\"1 minute\" \/>\n<script type=\"application\/ld+json\" class=\"yoast-schema-graph\">{\"@context\":\"https:\\\/\\\/schema.org\",\"@graph\":[{\"@type\":\"WebPage\",\"@id\":\"https:\\\/\\\/www.ecuador-hotel.com\\\/fr\\\/otavalo\\\/\",\"url\":\"https:\\\/\\\/www.ecuador-hotel.com\\\/fr\\\/otavalo\\\/\",\"name\":\"Otavalo - Hotels of Ecuador\",\"isPartOf\":{\"@id\":\"https:\\\/\\\/www.ecuador-hotel.com\\\/#website\"},\"primaryImageOfPage\":{\"@id\":\"https:\\\/\\\/www.ecuador-hotel.com\\\/fr\\\/otavalo\\\/#primaryimage\"},\"image\":{\"@id\":\"https:\\\/\\\/www.ecuador-hotel.com\\\/fr\\\/otavalo\\\/#primaryimage\"},\"thumbnailUrl\":\"https:\\\/\\\/i0.wp.com\\\/www.ecuador-hotel.com\\\/wp-content\\\/uploads\\\/2014\\\/03\\\/IMG_0470.jpg?fit=1100%2C400&ssl=1\",\"datePublished\":\"2014-03-26T15:14:55+00:00\",\"dateModified\":\"2014-03-26T15:21:32+00:00\",\"breadcrumb\":{\"@id\":\"https:\\\/\\\/www.ecuador-hotel.com\\\/fr\\\/otavalo\\\/#breadcrumb\"},\"inLanguage\":\"fr-FR\",\"potentialAction\":[{\"@type\":\"ReadAction\",\"target\":[\"https:\\\/\\\/www.ecuador-hotel.com\\\/fr\\\/otavalo\\\/\"]}]},{\"@type\":\"ImageObject\",\"inLanguage\":\"fr-FR\",\"@id\":\"https:\\\/\\\/www.ecuador-hotel.com\\\/fr\\\/otavalo\\\/#primaryimage\",\"url\":\"https:\\\/\\\/i0.wp.com\\\/www.ecuador-hotel.com\\\/wp-content\\\/uploads\\\/2014\\\/03\\\/IMG_0470.jpg?fit=1100%2C400&ssl=1\",\"contentUrl\":\"https:\\\/\\\/i0.wp.com\\\/www.ecuador-hotel.com\\\/wp-content\\\/uploads\\\/2014\\\/03\\\/IMG_0470.jpg?fit=1100%2C400&ssl=1\",\"width\":1100,\"height\":400},{\"@type\":\"BreadcrumbList\",\"@id\":\"https:\\\/\\\/www.ecuador-hotel.com\\\/fr\\\/otavalo\\\/#breadcrumb\",\"itemListElement\":[{\"@type\":\"ListItem\",\"position\":1,\"name\":\"Home\",\"item\":\"https:\\\/\\\/www.ecuador-hotel.com\\\/\"},{\"@type\":\"ListItem\",\"position\":2,\"name\":\"Otavalo\"}]},{\"@type\":\"WebSite\",\"@id\":\"https:\\\/\\\/www.ecuador-hotel.com\\\/#website\",\"url\":\"https:\\\/\\\/www.ecuador-hotel.com\\\/\",\"name\":\"Hotels of Ecuador\",\"description\":\"A travel guide through Ecuador\",\"potentialAction\":[{\"@type\":\"SearchAction\",\"target\":{\"@type\":\"EntryPoint\",\"urlTemplate\":\"https:\\\/\\\/www.ecuador-hotel.com\\\/?s={search_term_string}\"},\"query-input\":{\"@type\":\"PropertyValueSpecification\",\"valueRequired\":true,\"valueName\":\"search_term_string\"}}],\"inLanguage\":\"fr-FR\"}]}<\/script>\n<!-- \/ Yoast SEO plugin. -->","yoast_head_json":{"title":"Otavalo - Hotels of Ecuador","robots":{"index":"index","follow":"follow","max-snippet":"max-snippet:-1","max-image-preview":"max-image-preview:large","max-video-preview":"max-video-preview:-1"},"canonical":"https:\/\/www.ecuador-hotel.com\/fr\/otavalo\/","og_locale":"fr_FR","og_type":"article","og_title":"Otavalo - Hotels of Ecuador","og_description":"Otavalo\u00a0est une ville d&#8217;\u00c9quateur\u00a0situ\u00e9e au nord de la r\u00e9gion\u00a0andine\u00a0(Sierra) dans la province d&#8217;Imbabura\u00a0(altitude\u00a0: 2\u00a0530 m\u00e8tres). Sa population est approximativement de\u00a041\u00a0000\u00a0habitants1. La cit\u00e9 coloniale de\u00a0San Luis de Otavalo\u00a0a \u00e9t\u00e9 fond\u00e9e en l\u2019an 1534 par les espagnols. Elle obtint le statut de ville en 1829 par un d\u00e9cret deSim\u00f3n Bol\u00edvar\u00a0alors pr\u00e9sident de\u00a0Grande Colombie. Otavalo\u00a0est \u00e9galement le nom [&hellip;]","og_url":"https:\/\/www.ecuador-hotel.com\/fr\/otavalo\/","og_site_name":"Hotels of Ecuador","article_modified_time":"2014-03-26T15:21:32+00:00","og_image":[{"width":1100,"height":400,"url":"https:\/\/i0.wp.com\/www.ecuador-hotel.com\/wp-content\/uploads\/2014\/03\/IMG_0470.jpg?fit=1100%2C400&ssl=1","type":"image\/jpeg"}],"twitter_misc":{"Dur\u00e9e de lecture estim\u00e9e":"1 minute"},"schema":{"@context":"https:\/\/schema.org","@graph":[{"@type":"WebPage","@id":"https:\/\/www.ecuador-hotel.com\/fr\/otavalo\/","url":"https:\/\/www.ecuador-hotel.com\/fr\/otavalo\/","name":"Otavalo - Hotels of Ecuador","isPartOf":{"@id":"https:\/\/www.ecuador-hotel.com\/#website"},"primaryImageOfPage":{"@id":"https:\/\/www.ecuador-hotel.com\/fr\/otavalo\/#primaryimage"},"image":{"@id":"https:\/\/www.ecuador-hotel.com\/fr\/otavalo\/#primaryimage"},"thumbnailUrl":"https:\/\/i0.wp.com\/www.ecuador-hotel.com\/wp-content\/uploads\/2014\/03\/IMG_0470.jpg?fit=1100%2C400&ssl=1","datePublished":"2014-03-26T15:14:55+00:00","dateModified":"2014-03-26T15:21:32+00:00","breadcrumb":{"@id":"https:\/\/www.ecuador-hotel.com\/fr\/otavalo\/#breadcrumb"},"inLanguage":"fr-FR","potentialAction":[{"@type":"ReadAction","target":["https:\/\/www.ecuador-hotel.com\/fr\/otavalo\/"]}]},{"@type":"ImageObject","inLanguage":"fr-FR","@id":"https:\/\/www.ecuador-hotel.com\/fr\/otavalo\/#primaryimage","url":"https:\/\/i0.wp.com\/www.ecuador-hotel.com\/wp-content\/uploads\/2014\/03\/IMG_0470.jpg?fit=1100%2C400&ssl=1","contentUrl":"https:\/\/i0.wp.com\/www.ecuador-hotel.com\/wp-content\/uploads\/2014\/03\/IMG_0470.jpg?fit=1100%2C400&ssl=1","width":1100,"height":400},{"@type":"BreadcrumbList","@id":"https:\/\/www.ecuador-hotel.com\/fr\/otavalo\/#breadcrumb","itemListElement":[{"@type":"ListItem","position":1,"name":"Home","item":"https:\/\/www.ecuador-hotel.com\/"},{"@type":"ListItem","position":2,"name":"Otavalo"}]},{"@type":"WebSite","@id":"https:\/\/www.ecuador-hotel.com\/#website","url":"https:\/\/www.ecuador-hotel.com\/","name":"Hotels of Ecuador","description":"A travel guide through Ecuador","potentialAction":[{"@type":"SearchAction","target":{"@type":"EntryPoint","urlTemplate":"https:\/\/www.ecuador-hotel.com\/?s={search_term_string}"},"query-input":{"@type":"PropertyValueSpecification","valueRequired":true,"valueName":"search_term_string"}}],"inLanguage":"fr-FR"}]}},"jetpack_sharing_enabled":true,"jetpack_shortlink":"https:\/\/wp.me\/P4pFJc-br","_links":{"self":[{"href":"https:\/\/www.ecuador-hotel.com\/fr\/wp-json\/wp\/v2\/pages\/709","targetHints":{"allow":["GET"]}}],"collection":[{"href":"https:\/\/www.ecuador-hotel.com\/fr\/wp-json\/wp\/v2\/pages"}],"about":[{"href":"https:\/\/www.ecuador-hotel.com\/fr\/wp-json\/wp\/v2\/types\/page"}],"author":[{"embeddable":true,"href":"https:\/\/www.ecuador-hotel.com\/fr\/wp-json\/wp\/v2\/users\/2"}],"replies":[{"embeddable":true,"href":"https:\/\/www.ecuador-hotel.com\/fr\/wp-json\/wp\/v2\/comments?post=709"}],"version-history":[{"count":2,"href":"https:\/\/www.ecuador-hotel.com\/fr\/wp-json\/wp\/v2\/pages\/709\/revisions"}],"predecessor-version":[{"id":713,"href":"https:\/\/www.ecuador-hotel.com\/fr\/wp-json\/wp\/v2\/pages\/709\/revisions\/713"}],"wp:featuredmedia":[{"embeddable":true,"href":"https:\/\/www.ecuador-hotel.com\/fr\/wp-json\/wp\/v2\/media\/707"}],"wp:attachment":[{"href":"https:\/\/www.ecuador-hotel.com\/fr\/wp-json\/wp\/v2\/media?parent=709"}],"curies":[{"name":"wp","href":"https:\/\/api.w.org\/{rel}","templated":true}]}}