{"id":941,"date":"2014-03-05T17:21:34","date_gmt":"2014-03-05T17:21:34","guid":{"rendered":"http:\/\/www.ecuador-hotel.com\/manabi-2\/"},"modified":"2014-07-24T14:00:41","modified_gmt":"2014-07-24T14:00:41","slug":"manabi","status":"publish","type":"page","link":"https:\/\/www.ecuador-hotel.com\/es\/manabi\/","title":{"rendered":"MANABI"},"content":{"rendered":"<p style=\"text-align: justify;\"><b>Manab\u00ed<\/b>\u00a0es una\u00a0provincia\u00a0ecuatoriana\u00a0localizada en el emplazamiento centro-noroeste del\u00a0Ecuador\u00a0continental, cuya unidad jur\u00eddica se ubica en la regi\u00f3n geogr\u00e1fica del\u00a0litoral, que a su vez se encuentra dividida por el cruce de la\u00a0l\u00ednea equinoccial. Su capital es\u00a0Portoviejo. Limita al oeste con el\u00a0Oc\u00e9ano Pac\u00edfico, al norte con la provincia de\u00a0Esmeraldas, al este con la provincia deSanto Domingo de los Ts\u00e1chilas\u00a0y\u00a0Los R\u00edos, al sur con la provincia de\u00a0Santa Elena\u00a0y al sur y este con la provincia de\u00a0Guayas.<\/p>\n<p style=\"text-align: justify;\">Manab\u00ed con una poblaci\u00f3n de 1,395.249 habitantes, es la tercera provincia m\u00e1s poblada de Ecuador.<\/p>\n","protected":false},"excerpt":{"rendered":"<p>Manab\u00ed\u00a0es una\u00a0provincia\u00a0ecuatoriana\u00a0localizada en el emplazamiento centro-noroeste del\u00a0Ecuador\u00a0continental, cuya unidad jur\u00eddica se ubica en la regi\u00f3n geogr\u00e1fica del\u00a0litoral, que a su vez se encuentra dividida por el cruce de la\u00a0l\u00ednea equinoccial. Su capital es\u00a0Portoviejo. Limita al oeste con el\u00a0Oc\u00e9ano Pac\u00edfico, al norte con la provincia de\u00a0Esmeraldas, al este con la provincia deSanto Domingo de los Ts\u00e1chilas\u00a0y\u00a0Los [&hellip;]<\/p>\n","protected":false},"author":1,"featured_media":0,"parent":0,"menu_order":0,"comment_status":"open","ping_status":"open","template":"page-full.php","meta":{"nf_dc_page":"","jetpack_post_was_ever_published":false,"footnotes":""},"class_list":["post-941","page","type-page","status-publish","hentry"],"yoast_head":"<!-- This site is optimized with the Yoast SEO plugin v27.4 - https:\/\/yoast.com\/product\/yoast-seo-wordpress\/ -->\n<title>MANABI - Hotels of Ecuador<\/title>\n<meta name=\"robots\" content=\"index, follow, max-snippet:-1, max-image-preview:large, max-video-preview:-1\" \/>\n<link rel=\"canonical\" href=\"https:\/\/www.ecuador-hotel.com\/es\/manabi\/\" \/>\n<meta property=\"og:locale\" content=\"es_ES\" \/>\n<meta property=\"og:type\" content=\"article\" \/>\n<meta property=\"og:title\" content=\"MANABI - Hotels of Ecuador\" \/>\n<meta property=\"og:description\" content=\"Manab\u00ed\u00a0es una\u00a0provincia\u00a0ecuatoriana\u00a0localizada en el emplazamiento centro-noroeste del\u00a0Ecuador\u00a0continental, cuya unidad jur\u00eddica se ubica en la regi\u00f3n geogr\u00e1fica del\u00a0litoral, que a su vez se encuentra dividida por el cruce de la\u00a0l\u00ednea equinoccial. Su capital es\u00a0Portoviejo. Limita al oeste con el\u00a0Oc\u00e9ano Pac\u00edfico, al norte con la provincia de\u00a0Esmeraldas, al este con la provincia deSanto Domingo de los Ts\u00e1chilas\u00a0y\u00a0Los [&hellip;]\" \/>\n<meta property=\"og:url\" content=\"https:\/\/www.ecuador-hotel.com\/es\/manabi\/\" \/>\n<meta property=\"og:site_name\" content=\"Hotels of Ecuador\" \/>\n<meta property=\"article:modified_time\" content=\"2014-07-24T14:00:41+00:00\" \/>\n<meta name=\"twitter:label1\" content=\"Tiempo de lectura\" \/>\n\t<meta name=\"twitter:data1\" content=\"1 minuto\" \/>\n<script type=\"application\/ld+json\" class=\"yoast-schema-graph\">{\"@context\":\"https:\\\/\\\/schema.org\",\"@graph\":[{\"@type\":\"WebPage\",\"@id\":\"https:\\\/\\\/www.ecuador-hotel.com\\\/es\\\/manabi\\\/\",\"url\":\"https:\\\/\\\/www.ecuador-hotel.com\\\/es\\\/manabi\\\/\",\"name\":\"MANABI - Hotels of Ecuador\",\"isPartOf\":{\"@id\":\"https:\\\/\\\/www.ecuador-hotel.com\\\/#website\"},\"datePublished\":\"2014-03-05T17:21:34+00:00\",\"dateModified\":\"2014-07-24T14:00:41+00:00\",\"breadcrumb\":{\"@id\":\"https:\\\/\\\/www.ecuador-hotel.com\\\/es\\\/manabi\\\/#breadcrumb\"},\"inLanguage\":\"es\",\"potentialAction\":[{\"@type\":\"ReadAction\",\"target\":[\"https:\\\/\\\/www.ecuador-hotel.com\\\/es\\\/manabi\\\/\"]}]},{\"@type\":\"BreadcrumbList\",\"@id\":\"https:\\\/\\\/www.ecuador-hotel.com\\\/es\\\/manabi\\\/#breadcrumb\",\"itemListElement\":[{\"@type\":\"ListItem\",\"position\":1,\"name\":\"Home\",\"item\":\"https:\\\/\\\/www.ecuador-hotel.com\\\/\"},{\"@type\":\"ListItem\",\"position\":2,\"name\":\"MANABI\"}]},{\"@type\":\"WebSite\",\"@id\":\"https:\\\/\\\/www.ecuador-hotel.com\\\/#website\",\"url\":\"https:\\\/\\\/www.ecuador-hotel.com\\\/\",\"name\":\"Hotels of Ecuador\",\"description\":\"A travel guide through Ecuador\",\"potentialAction\":[{\"@type\":\"SearchAction\",\"target\":{\"@type\":\"EntryPoint\",\"urlTemplate\":\"https:\\\/\\\/www.ecuador-hotel.com\\\/?s={search_term_string}\"},\"query-input\":{\"@type\":\"PropertyValueSpecification\",\"valueRequired\":true,\"valueName\":\"search_term_string\"}}],\"inLanguage\":\"es\"}]}<\/script>\n<!-- \/ Yoast SEO plugin. -->","yoast_head_json":{"title":"MANABI - Hotels of Ecuador","robots":{"index":"index","follow":"follow","max-snippet":"max-snippet:-1","max-image-preview":"max-image-preview:large","max-video-preview":"max-video-preview:-1"},"canonical":"https:\/\/www.ecuador-hotel.com\/es\/manabi\/","og_locale":"es_ES","og_type":"article","og_title":"MANABI - Hotels of Ecuador","og_description":"Manab\u00ed\u00a0es una\u00a0provincia\u00a0ecuatoriana\u00a0localizada en el emplazamiento centro-noroeste del\u00a0Ecuador\u00a0continental, cuya unidad jur\u00eddica se ubica en la regi\u00f3n geogr\u00e1fica del\u00a0litoral, que a su vez se encuentra dividida por el cruce de la\u00a0l\u00ednea equinoccial. Su capital es\u00a0Portoviejo. Limita al oeste con el\u00a0Oc\u00e9ano Pac\u00edfico, al norte con la provincia de\u00a0Esmeraldas, al este con la provincia deSanto Domingo de los Ts\u00e1chilas\u00a0y\u00a0Los [&hellip;]","og_url":"https:\/\/www.ecuador-hotel.com\/es\/manabi\/","og_site_name":"Hotels of Ecuador","article_modified_time":"2014-07-24T14:00:41+00:00","twitter_misc":{"Tiempo de lectura":"1 minuto"},"schema":{"@context":"https:\/\/schema.org","@graph":[{"@type":"WebPage","@id":"https:\/\/www.ecuador-hotel.com\/es\/manabi\/","url":"https:\/\/www.ecuador-hotel.com\/es\/manabi\/","name":"MANABI - Hotels of Ecuador","isPartOf":{"@id":"https:\/\/www.ecuador-hotel.com\/#website"},"datePublished":"2014-03-05T17:21:34+00:00","dateModified":"2014-07-24T14:00:41+00:00","breadcrumb":{"@id":"https:\/\/www.ecuador-hotel.com\/es\/manabi\/#breadcrumb"},"inLanguage":"es","potentialAction":[{"@type":"ReadAction","target":["https:\/\/www.ecuador-hotel.com\/es\/manabi\/"]}]},{"@type":"BreadcrumbList","@id":"https:\/\/www.ecuador-hotel.com\/es\/manabi\/#breadcrumb","itemListElement":[{"@type":"ListItem","position":1,"name":"Home","item":"https:\/\/www.ecuador-hotel.com\/"},{"@type":"ListItem","position":2,"name":"MANABI"}]},{"@type":"WebSite","@id":"https:\/\/www.ecuador-hotel.com\/#website","url":"https:\/\/www.ecuador-hotel.com\/","name":"Hotels of Ecuador","description":"A travel guide through Ecuador","potentialAction":[{"@type":"SearchAction","target":{"@type":"EntryPoint","urlTemplate":"https:\/\/www.ecuador-hotel.com\/?s={search_term_string}"},"query-input":{"@type":"PropertyValueSpecification","valueRequired":true,"valueName":"search_term_string"}}],"inLanguage":"es"}]}},"jetpack_sharing_enabled":true,"jetpack_shortlink":"https:\/\/wp.me\/P4pFJc-fb","_links":{"self":[{"href":"https:\/\/www.ecuador-hotel.com\/es\/wp-json\/wp\/v2\/pages\/941","targetHints":{"allow":["GET"]}}],"collection":[{"href":"https:\/\/www.ecuador-hotel.com\/es\/wp-json\/wp\/v2\/pages"}],"about":[{"href":"https:\/\/www.ecuador-hotel.com\/es\/wp-json\/wp\/v2\/types\/page"}],"author":[{"embeddable":true,"href":"https:\/\/www.ecuador-hotel.com\/es\/wp-json\/wp\/v2\/users\/1"}],"replies":[{"embeddable":true,"href":"https:\/\/www.ecuador-hotel.com\/es\/wp-json\/wp\/v2\/comments?post=941"}],"version-history":[{"count":1,"href":"https:\/\/www.ecuador-hotel.com\/es\/wp-json\/wp\/v2\/pages\/941\/revisions"}],"predecessor-version":[{"id":942,"href":"https:\/\/www.ecuador-hotel.com\/es\/wp-json\/wp\/v2\/pages\/941\/revisions\/942"}],"wp:attachment":[{"href":"https:\/\/www.ecuador-hotel.com\/es\/wp-json\/wp\/v2\/media?parent=941"}],"curies":[{"name":"wp","href":"https:\/\/api.w.org\/{rel}","templated":true}]}}