{"id":868,"date":"2014-05-17T16:18:39","date_gmt":"2014-05-17T16:18:39","guid":{"rendered":"http:\/\/www.ecuador-hotel.com\/cuenca-2\/"},"modified":"2014-05-17T19:44:16","modified_gmt":"2014-05-17T19:44:16","slug":"cuenca","status":"publish","type":"page","link":"https:\/\/www.ecuador-hotel.com\/es\/cuenca\/","title":{"rendered":"Cuenca"},"content":{"rendered":"<p style=\"text-align: justify;\"><b>Cuenca<\/b>, oficialmente\u00a0<b>Santa Ana de los Cuatro R\u00edos de Cuenca<\/b>, es una\u00a0ciudad\u00a0del centro sur de la\u00a0Rep\u00fablica del Ecuador\u00a0y es la capital de la\u00a0provincia\u00a0del\u00a0Azuay\u00a0y de la Regi\u00f3n 6. Est\u00e1 situado en la parte meridional de la\u00a0Cordillera andina ecuatoriana. Su\u00a0Centro Hist\u00f3rico\u00a0fue declarado\u00a0Patrimonio de la Humanidad\u00a0por la\u00a0Unesco\u00a0en el a\u00f1o\u00a01999.<\/p>\n<p style=\"text-align: justify;\">Es llamada la Atenas del Ecuador por su majestuosa arquitectura, su diversidad cultural, su aporte a las artes, ciencias y letras ecuatorianas y por ser el lugar de nacimiento de muchos personajes ilustres de la sociedad ecuatoriana.<\/p>\n<p style=\"text-align: justify;\">La ciudad fue declarada\u00a0<b>Patrimonio Cultural de la Humanidad<\/b>\u00a0por la\u00a0UNESCO\u00a0el\u00a01 de diciembre\u00a0de\u00a01999\u00a0y en el centro de la ciudad se ubican importantes vestigios hist\u00f3ricos: museos e iglesias antiguas (como la Catedral de la Inmaculada Concepci\u00f3n, una de la m\u00e1s grandes de Am\u00e9rica, y otras que datan de los siglos XVI y XVII), calles adoquinadas y casas con fachadas de estilo republicano que evidencian influencias arquitect\u00f3nicas\u00a0europeas, sobre todo espa\u00f1ola y francesa. Son caracter\u00edsticos los balcones, cielorrasos tallados art\u00edsticamente y otros forjados en\u00a0lat\u00f3n\u00a0pintado.<\/p>\n<p style=\"text-align: justify;\">La ciudad es adem\u00e1s conocida como la\u00a0<i>&#8220;Cuenca de los Andes&#8221;<\/i>\u00a0o la\u00a0<i>&#8220;Atenas del Ecuador&#8221;<\/i>\u00a0por ser la ciudad de origen de varios poetas y personalidades hist\u00f3ricas como\u00a0Miguel V\u00e9lez,\u00a0Gaspar Sangurima,\u00a0Santo Hermano Miguel,\u00a0Honorato V\u00e1zquez,\u00a0Remigio Crespo Toral,\u00a0Abd\u00f3n Calder\u00f3n Garaicoa,\u00a0Antonio Borrero\u00a0entre otros. En Cuenca es sede de numerosas organizaciones culturales.<\/p>\n","protected":false},"excerpt":{"rendered":"<p>Cuenca, oficialmente\u00a0Santa Ana de los Cuatro R\u00edos de Cuenca, es una\u00a0ciudad\u00a0del centro sur de la\u00a0Rep\u00fablica del Ecuador\u00a0y es la capital de la\u00a0provincia\u00a0del\u00a0Azuay\u00a0y de la Regi\u00f3n 6. Est\u00e1 situado en la parte meridional de la\u00a0Cordillera andina ecuatoriana. Su\u00a0Centro Hist\u00f3rico\u00a0fue declarado\u00a0Patrimonio de la Humanidad\u00a0por la\u00a0Unesco\u00a0en el a\u00f1o\u00a01999. Es llamada la Atenas del Ecuador por su majestuosa arquitectura, [&hellip;]<\/p>\n","protected":false},"author":2,"featured_media":0,"parent":0,"menu_order":0,"comment_status":"open","ping_status":"open","template":"page-template-portfolio.php","meta":{"nf_dc_page":"","jetpack_post_was_ever_published":false,"footnotes":""},"class_list":["post-868","page","type-page","status-publish","hentry"],"yoast_head":"<!-- This site is optimized with the Yoast SEO plugin v27.4 - https:\/\/yoast.com\/product\/yoast-seo-wordpress\/ -->\n<title>Cuenca - Hotels of Ecuador<\/title>\n<meta name=\"robots\" content=\"index, follow, max-snippet:-1, max-image-preview:large, max-video-preview:-1\" \/>\n<link rel=\"canonical\" href=\"http:\/\/www.ecuador-hotel.com\/es\/cuenca\/\" \/>\n<meta property=\"og:locale\" content=\"es_ES\" \/>\n<meta property=\"og:type\" content=\"article\" \/>\n<meta property=\"og:title\" content=\"Cuenca - Hotels of Ecuador\" \/>\n<meta property=\"og:description\" content=\"Cuenca, oficialmente\u00a0Santa Ana de los Cuatro R\u00edos de Cuenca, es una\u00a0ciudad\u00a0del centro sur de la\u00a0Rep\u00fablica del Ecuador\u00a0y es la capital de la\u00a0provincia\u00a0del\u00a0Azuay\u00a0y de la Regi\u00f3n 6. Est\u00e1 situado en la parte meridional de la\u00a0Cordillera andina ecuatoriana. Su\u00a0Centro Hist\u00f3rico\u00a0fue declarado\u00a0Patrimonio de la Humanidad\u00a0por la\u00a0Unesco\u00a0en el a\u00f1o\u00a01999. Es llamada la Atenas del Ecuador por su majestuosa arquitectura, [&hellip;]\" \/>\n<meta property=\"og:url\" content=\"http:\/\/www.ecuador-hotel.com\/es\/cuenca\/\" \/>\n<meta property=\"og:site_name\" content=\"Hotels of Ecuador\" \/>\n<meta property=\"article:modified_time\" content=\"2014-05-17T19:44:16+00:00\" \/>\n<meta name=\"twitter:label1\" content=\"Tiempo de lectura\" \/>\n\t<meta name=\"twitter:data1\" content=\"1 minuto\" \/>\n<script type=\"application\/ld+json\" class=\"yoast-schema-graph\">{\"@context\":\"https:\\\/\\\/schema.org\",\"@graph\":[{\"@type\":\"WebPage\",\"@id\":\"http:\\\/\\\/www.ecuador-hotel.com\\\/es\\\/cuenca\\\/\",\"url\":\"http:\\\/\\\/www.ecuador-hotel.com\\\/es\\\/cuenca\\\/\",\"name\":\"Cuenca - Hotels of Ecuador\",\"isPartOf\":{\"@id\":\"https:\\\/\\\/www.ecuador-hotel.com\\\/#website\"},\"datePublished\":\"2014-05-17T16:18:39+00:00\",\"dateModified\":\"2014-05-17T19:44:16+00:00\",\"breadcrumb\":{\"@id\":\"http:\\\/\\\/www.ecuador-hotel.com\\\/es\\\/cuenca\\\/#breadcrumb\"},\"inLanguage\":\"es\",\"potentialAction\":[{\"@type\":\"ReadAction\",\"target\":[\"http:\\\/\\\/www.ecuador-hotel.com\\\/es\\\/cuenca\\\/\"]}]},{\"@type\":\"BreadcrumbList\",\"@id\":\"http:\\\/\\\/www.ecuador-hotel.com\\\/es\\\/cuenca\\\/#breadcrumb\",\"itemListElement\":[{\"@type\":\"ListItem\",\"position\":1,\"name\":\"Home\",\"item\":\"https:\\\/\\\/www.ecuador-hotel.com\\\/\"},{\"@type\":\"ListItem\",\"position\":2,\"name\":\"Cuenca\"}]},{\"@type\":\"WebSite\",\"@id\":\"https:\\\/\\\/www.ecuador-hotel.com\\\/#website\",\"url\":\"https:\\\/\\\/www.ecuador-hotel.com\\\/\",\"name\":\"Hotels of Ecuador\",\"description\":\"A travel guide through Ecuador\",\"potentialAction\":[{\"@type\":\"SearchAction\",\"target\":{\"@type\":\"EntryPoint\",\"urlTemplate\":\"https:\\\/\\\/www.ecuador-hotel.com\\\/?s={search_term_string}\"},\"query-input\":{\"@type\":\"PropertyValueSpecification\",\"valueRequired\":true,\"valueName\":\"search_term_string\"}}],\"inLanguage\":\"es\"}]}<\/script>\n<!-- \/ Yoast SEO plugin. -->","yoast_head_json":{"title":"Cuenca - Hotels of Ecuador","robots":{"index":"index","follow":"follow","max-snippet":"max-snippet:-1","max-image-preview":"max-image-preview:large","max-video-preview":"max-video-preview:-1"},"canonical":"http:\/\/www.ecuador-hotel.com\/es\/cuenca\/","og_locale":"es_ES","og_type":"article","og_title":"Cuenca - Hotels of Ecuador","og_description":"Cuenca, oficialmente\u00a0Santa Ana de los Cuatro R\u00edos de Cuenca, es una\u00a0ciudad\u00a0del centro sur de la\u00a0Rep\u00fablica del Ecuador\u00a0y es la capital de la\u00a0provincia\u00a0del\u00a0Azuay\u00a0y de la Regi\u00f3n 6. Est\u00e1 situado en la parte meridional de la\u00a0Cordillera andina ecuatoriana. Su\u00a0Centro Hist\u00f3rico\u00a0fue declarado\u00a0Patrimonio de la Humanidad\u00a0por la\u00a0Unesco\u00a0en el a\u00f1o\u00a01999. Es llamada la Atenas del Ecuador por su majestuosa arquitectura, [&hellip;]","og_url":"http:\/\/www.ecuador-hotel.com\/es\/cuenca\/","og_site_name":"Hotels of Ecuador","article_modified_time":"2014-05-17T19:44:16+00:00","twitter_misc":{"Tiempo de lectura":"1 minuto"},"schema":{"@context":"https:\/\/schema.org","@graph":[{"@type":"WebPage","@id":"http:\/\/www.ecuador-hotel.com\/es\/cuenca\/","url":"http:\/\/www.ecuador-hotel.com\/es\/cuenca\/","name":"Cuenca - Hotels of Ecuador","isPartOf":{"@id":"https:\/\/www.ecuador-hotel.com\/#website"},"datePublished":"2014-05-17T16:18:39+00:00","dateModified":"2014-05-17T19:44:16+00:00","breadcrumb":{"@id":"http:\/\/www.ecuador-hotel.com\/es\/cuenca\/#breadcrumb"},"inLanguage":"es","potentialAction":[{"@type":"ReadAction","target":["http:\/\/www.ecuador-hotel.com\/es\/cuenca\/"]}]},{"@type":"BreadcrumbList","@id":"http:\/\/www.ecuador-hotel.com\/es\/cuenca\/#breadcrumb","itemListElement":[{"@type":"ListItem","position":1,"name":"Home","item":"https:\/\/www.ecuador-hotel.com\/"},{"@type":"ListItem","position":2,"name":"Cuenca"}]},{"@type":"WebSite","@id":"https:\/\/www.ecuador-hotel.com\/#website","url":"https:\/\/www.ecuador-hotel.com\/","name":"Hotels of Ecuador","description":"A travel guide through Ecuador","potentialAction":[{"@type":"SearchAction","target":{"@type":"EntryPoint","urlTemplate":"https:\/\/www.ecuador-hotel.com\/?s={search_term_string}"},"query-input":{"@type":"PropertyValueSpecification","valueRequired":true,"valueName":"search_term_string"}}],"inLanguage":"es"}]}},"jetpack_sharing_enabled":true,"jetpack_shortlink":"https:\/\/wp.me\/P4pFJc-e0","_links":{"self":[{"href":"https:\/\/www.ecuador-hotel.com\/es\/wp-json\/wp\/v2\/pages\/868","targetHints":{"allow":["GET"]}}],"collection":[{"href":"https:\/\/www.ecuador-hotel.com\/es\/wp-json\/wp\/v2\/pages"}],"about":[{"href":"https:\/\/www.ecuador-hotel.com\/es\/wp-json\/wp\/v2\/types\/page"}],"author":[{"embeddable":true,"href":"https:\/\/www.ecuador-hotel.com\/es\/wp-json\/wp\/v2\/users\/2"}],"replies":[{"embeddable":true,"href":"https:\/\/www.ecuador-hotel.com\/es\/wp-json\/wp\/v2\/comments?post=868"}],"version-history":[{"count":2,"href":"https:\/\/www.ecuador-hotel.com\/es\/wp-json\/wp\/v2\/pages\/868\/revisions"}],"predecessor-version":[{"id":870,"href":"https:\/\/www.ecuador-hotel.com\/es\/wp-json\/wp\/v2\/pages\/868\/revisions\/870"}],"wp:attachment":[{"href":"https:\/\/www.ecuador-hotel.com\/es\/wp-json\/wp\/v2\/media?parent=868"}],"curies":[{"name":"wp","href":"https:\/\/api.w.org\/{rel}","templated":true}]}}