{"id":783,"date":"2014-03-05T17:16:42","date_gmt":"2014-03-05T17:16:42","guid":{"rendered":"http:\/\/www.ecuador-hotel.com\/pichincha-2\/"},"modified":"2014-04-29T14:48:17","modified_gmt":"2014-04-29T14:48:17","slug":"pichincha","status":"publish","type":"page","link":"https:\/\/www.ecuador-hotel.com\/es\/pichincha\/","title":{"rendered":"PICHINCHA"},"content":{"rendered":"<p style=\"text-align: justify;\">La\u00a0<b>Provincia de Pichincha<\/b>\u00a0es una de las 24\u00a0provincias\u00a0que conforman la\u00a0Rep\u00fablica del Ecuador. Se encuentra ubicada al norte del pa\u00eds, en la zona geogr\u00e1fica conocida como\u00a0sierra. Su capital administrativa es la ciudad de\u00a0Quito, la cual adem\u00e1s es su urbe m\u00e1s poblada y la capital del pa\u00eds. Es tambi\u00e9n el principal centro\u00a0comercial\u00a0del pa\u00eds.<\/p>\n<p style=\"text-align: justify;\">Forma parte de la\u00a0Regi\u00f3n Centro Norte\u00a0a la que tambi\u00e9n pertenecen las provincias de\u00a0Napo\u00a0y\u00a0Orellana, con excepci\u00f3n del\u00a0Distrito Metropolitano de Quito. Est\u00e1 dividida en 8 cantones. Con sus 2.8 millones de habitantes es la segunda provincia m\u00e1s poblada del pa\u00eds despu\u00e9s de\u00a0Guayas.<\/p>\n<p style=\"text-align: justify;\">Es el mayor centro administrativo, econ\u00f3mico, financiero y comercial del Ecuador, pues es sede de casi todos los organismos gubernamentales, bancos y 60 de las 100 empresas m\u00e1s grandes del pa\u00eds.\u00a0La provincia adquiere su nombre del\u00a0estratovolc\u00e1nactivo\u00a0hom\u00f3nimo, ubicado al centro norte de esta, en su capital Quito.<\/p>\n<p style=\"text-align: justify;\">Los primeros asentamientos registrados datan de 10 mil a\u00f1os de antig\u00fcedad cerca del sector del Inga. Tuvo distintos per\u00edodos migratorios provenientes de la serran\u00eda como la Cayambis, Quitus, Yumbos y de la regi\u00f3n\u00a0costa\u00a0como los Caras. M\u00e1s adelante fue conquistada por los\u00a0incas\u00a0al mando de\u00a0Huayna C\u00e1pac. La primera colonizaci\u00f3n de esta regi\u00f3n a cargo de los espa\u00f1oles se dio el 6 de diciembre de 1534 con la fundaci\u00f3n de la ciudad de Quito, durante ese per\u00edodo la entidad m\u00e1xima y precursora de la provincia ser\u00eda el\u00a0Corregimiento de Quito, despu\u00e9s de la guerra independentista y la anexi\u00f3n de Ecuador a la\u00a0Gran Colombia, se crea Pichincha el 25 de junio de 1824.<\/p>\n","protected":false},"excerpt":{"rendered":"<p>La\u00a0Provincia de Pichincha\u00a0es una de las 24\u00a0provincias\u00a0que conforman la\u00a0Rep\u00fablica del Ecuador. Se encuentra ubicada al norte del pa\u00eds, en la zona geogr\u00e1fica conocida como\u00a0sierra. Su capital administrativa es la ciudad de\u00a0Quito, la cual adem\u00e1s es su urbe m\u00e1s poblada y la capital del pa\u00eds. Es tambi\u00e9n el principal centro\u00a0comercial\u00a0del pa\u00eds. Forma parte de la\u00a0Regi\u00f3n Centro [&hellip;]<\/p>\n","protected":false},"author":2,"featured_media":0,"parent":0,"menu_order":0,"comment_status":"open","ping_status":"open","template":"page-template-portfolio.php","meta":{"nf_dc_page":"","jetpack_post_was_ever_published":false,"footnotes":""},"class_list":["post-783","page","type-page","status-publish","hentry"],"yoast_head":"<!-- This site is optimized with the Yoast SEO plugin v27.4 - https:\/\/yoast.com\/product\/yoast-seo-wordpress\/ -->\n<title>PICHINCHA - Hotels of Ecuador<\/title>\n<meta name=\"robots\" content=\"index, follow, max-snippet:-1, max-image-preview:large, max-video-preview:-1\" \/>\n<link rel=\"canonical\" href=\"https:\/\/www.ecuador-hotel.com\/es\/pichincha\/\" \/>\n<meta property=\"og:locale\" content=\"es_ES\" \/>\n<meta property=\"og:type\" content=\"article\" \/>\n<meta property=\"og:title\" content=\"PICHINCHA - Hotels of Ecuador\" \/>\n<meta property=\"og:description\" content=\"La\u00a0Provincia de Pichincha\u00a0es una de las 24\u00a0provincias\u00a0que conforman la\u00a0Rep\u00fablica del Ecuador. Se encuentra ubicada al norte del pa\u00eds, en la zona geogr\u00e1fica conocida como\u00a0sierra. Su capital administrativa es la ciudad de\u00a0Quito, la cual adem\u00e1s es su urbe m\u00e1s poblada y la capital del pa\u00eds. Es tambi\u00e9n el principal centro\u00a0comercial\u00a0del pa\u00eds. Forma parte de la\u00a0Regi\u00f3n Centro [&hellip;]\" \/>\n<meta property=\"og:url\" content=\"https:\/\/www.ecuador-hotel.com\/es\/pichincha\/\" \/>\n<meta property=\"og:site_name\" content=\"Hotels of Ecuador\" \/>\n<meta property=\"article:modified_time\" content=\"2014-04-29T14:48:17+00:00\" \/>\n<meta name=\"twitter:label1\" content=\"Tiempo de lectura\" \/>\n\t<meta name=\"twitter:data1\" content=\"1 minuto\" \/>\n<script type=\"application\/ld+json\" class=\"yoast-schema-graph\">{\"@context\":\"https:\\\/\\\/schema.org\",\"@graph\":[{\"@type\":\"WebPage\",\"@id\":\"https:\\\/\\\/www.ecuador-hotel.com\\\/es\\\/pichincha\\\/\",\"url\":\"https:\\\/\\\/www.ecuador-hotel.com\\\/es\\\/pichincha\\\/\",\"name\":\"PICHINCHA - Hotels of Ecuador\",\"isPartOf\":{\"@id\":\"https:\\\/\\\/www.ecuador-hotel.com\\\/#website\"},\"datePublished\":\"2014-03-05T17:16:42+00:00\",\"dateModified\":\"2014-04-29T14:48:17+00:00\",\"breadcrumb\":{\"@id\":\"https:\\\/\\\/www.ecuador-hotel.com\\\/es\\\/pichincha\\\/#breadcrumb\"},\"inLanguage\":\"es\",\"potentialAction\":[{\"@type\":\"ReadAction\",\"target\":[\"https:\\\/\\\/www.ecuador-hotel.com\\\/es\\\/pichincha\\\/\"]}]},{\"@type\":\"BreadcrumbList\",\"@id\":\"https:\\\/\\\/www.ecuador-hotel.com\\\/es\\\/pichincha\\\/#breadcrumb\",\"itemListElement\":[{\"@type\":\"ListItem\",\"position\":1,\"name\":\"Home\",\"item\":\"https:\\\/\\\/www.ecuador-hotel.com\\\/\"},{\"@type\":\"ListItem\",\"position\":2,\"name\":\"PICHINCHA\"}]},{\"@type\":\"WebSite\",\"@id\":\"https:\\\/\\\/www.ecuador-hotel.com\\\/#website\",\"url\":\"https:\\\/\\\/www.ecuador-hotel.com\\\/\",\"name\":\"Hotels of Ecuador\",\"description\":\"A travel guide through Ecuador\",\"potentialAction\":[{\"@type\":\"SearchAction\",\"target\":{\"@type\":\"EntryPoint\",\"urlTemplate\":\"https:\\\/\\\/www.ecuador-hotel.com\\\/?s={search_term_string}\"},\"query-input\":{\"@type\":\"PropertyValueSpecification\",\"valueRequired\":true,\"valueName\":\"search_term_string\"}}],\"inLanguage\":\"es\"}]}<\/script>\n<!-- \/ Yoast SEO plugin. -->","yoast_head_json":{"title":"PICHINCHA - Hotels of Ecuador","robots":{"index":"index","follow":"follow","max-snippet":"max-snippet:-1","max-image-preview":"max-image-preview:large","max-video-preview":"max-video-preview:-1"},"canonical":"https:\/\/www.ecuador-hotel.com\/es\/pichincha\/","og_locale":"es_ES","og_type":"article","og_title":"PICHINCHA - Hotels of Ecuador","og_description":"La\u00a0Provincia de Pichincha\u00a0es una de las 24\u00a0provincias\u00a0que conforman la\u00a0Rep\u00fablica del Ecuador. Se encuentra ubicada al norte del pa\u00eds, en la zona geogr\u00e1fica conocida como\u00a0sierra. Su capital administrativa es la ciudad de\u00a0Quito, la cual adem\u00e1s es su urbe m\u00e1s poblada y la capital del pa\u00eds. Es tambi\u00e9n el principal centro\u00a0comercial\u00a0del pa\u00eds. Forma parte de la\u00a0Regi\u00f3n Centro [&hellip;]","og_url":"https:\/\/www.ecuador-hotel.com\/es\/pichincha\/","og_site_name":"Hotels of Ecuador","article_modified_time":"2014-04-29T14:48:17+00:00","twitter_misc":{"Tiempo de lectura":"1 minuto"},"schema":{"@context":"https:\/\/schema.org","@graph":[{"@type":"WebPage","@id":"https:\/\/www.ecuador-hotel.com\/es\/pichincha\/","url":"https:\/\/www.ecuador-hotel.com\/es\/pichincha\/","name":"PICHINCHA - Hotels of Ecuador","isPartOf":{"@id":"https:\/\/www.ecuador-hotel.com\/#website"},"datePublished":"2014-03-05T17:16:42+00:00","dateModified":"2014-04-29T14:48:17+00:00","breadcrumb":{"@id":"https:\/\/www.ecuador-hotel.com\/es\/pichincha\/#breadcrumb"},"inLanguage":"es","potentialAction":[{"@type":"ReadAction","target":["https:\/\/www.ecuador-hotel.com\/es\/pichincha\/"]}]},{"@type":"BreadcrumbList","@id":"https:\/\/www.ecuador-hotel.com\/es\/pichincha\/#breadcrumb","itemListElement":[{"@type":"ListItem","position":1,"name":"Home","item":"https:\/\/www.ecuador-hotel.com\/"},{"@type":"ListItem","position":2,"name":"PICHINCHA"}]},{"@type":"WebSite","@id":"https:\/\/www.ecuador-hotel.com\/#website","url":"https:\/\/www.ecuador-hotel.com\/","name":"Hotels of Ecuador","description":"A travel guide through Ecuador","potentialAction":[{"@type":"SearchAction","target":{"@type":"EntryPoint","urlTemplate":"https:\/\/www.ecuador-hotel.com\/?s={search_term_string}"},"query-input":{"@type":"PropertyValueSpecification","valueRequired":true,"valueName":"search_term_string"}}],"inLanguage":"es"}]}},"jetpack_sharing_enabled":true,"jetpack_shortlink":"https:\/\/wp.me\/P4pFJc-cD","_links":{"self":[{"href":"https:\/\/www.ecuador-hotel.com\/es\/wp-json\/wp\/v2\/pages\/783","targetHints":{"allow":["GET"]}}],"collection":[{"href":"https:\/\/www.ecuador-hotel.com\/es\/wp-json\/wp\/v2\/pages"}],"about":[{"href":"https:\/\/www.ecuador-hotel.com\/es\/wp-json\/wp\/v2\/types\/page"}],"author":[{"embeddable":true,"href":"https:\/\/www.ecuador-hotel.com\/es\/wp-json\/wp\/v2\/users\/2"}],"replies":[{"embeddable":true,"href":"https:\/\/www.ecuador-hotel.com\/es\/wp-json\/wp\/v2\/comments?post=783"}],"version-history":[{"count":2,"href":"https:\/\/www.ecuador-hotel.com\/es\/wp-json\/wp\/v2\/pages\/783\/revisions"}],"predecessor-version":[{"id":792,"href":"https:\/\/www.ecuador-hotel.com\/es\/wp-json\/wp\/v2\/pages\/783\/revisions\/792"}],"wp:attachment":[{"href":"https:\/\/www.ecuador-hotel.com\/es\/wp-json\/wp\/v2\/media?parent=783"}],"curies":[{"name":"wp","href":"https:\/\/api.w.org\/{rel}","templated":true}]}}