{"id":781,"date":"2014-04-29T14:33:46","date_gmt":"2014-04-29T14:33:46","guid":{"rendered":"http:\/\/www.ecuador-hotel.com\/quito-2\/"},"modified":"2014-04-29T14:42:07","modified_gmt":"2014-04-29T14:42:07","slug":"quito","status":"publish","type":"page","link":"https:\/\/www.ecuador-hotel.com\/es\/quito\/","title":{"rendered":"Quito"},"content":{"rendered":"<p style=\"text-align: justify;\"><b>San Francisco de Quito<\/b>, es la\u00a0ciudad\u00a0capital\u00a0de\u00a0Ecuador\u00a0y tambi\u00e9n de la provincia de\u00a0Pichincha,\u00a0es la segunda ciudad m\u00e1s poblada del\u00a0Ecuador. Adem\u00e1s es cabecera cantonal o distrital del\u00a0Distrito Metropolitano de Quito.\u00a0Actualmente es considerada la capital econ\u00f3mica del pa\u00eds.\u00a0Debido a su alto \u00edndice de desarrollo humano, Quito ser\u00e1 la ciudad m\u00e1s poblada del pa\u00eds en el 2020.<sup id=\"cite_ref-6\"><br \/>\n<\/sup><\/p>\n<p style=\"text-align: justify;\">Est\u00e1 ubicada sobre la\u00a0hoya\u00a0de\u00a0Guayllabamba\u00a0en las laderas orientales del\u00a0estratovolc\u00e1n\u00a0activo\u00a0Pichincha, en la parte occidental de los\u00a0Andes\u00a0y su altitud promedio es de 2800\u00a0msnm. La ciudad est\u00e1 dividida en 32\u00a0parroquias, las cuales se subdividen enbarrios.<sup id=\"cite_ref-quitoparroquias_7-0\"><br \/>\n<\/sup><\/p>\n<p style=\"text-align: justify;\">La fecha de su primera fundaci\u00f3n es incierta; los registros m\u00e1s antiguos se hallan en la hacienda del\u00a0Inga\u00a0alrededor del a\u00f1o10300 a.c.. El Inca\u00a0Huayna Capac\u00a0convirti\u00f3 a Quito en una ciudad importante del norte del\u00a0Tahuantinsuyo, y durante varios lapsos de tiempo se moviliz\u00f3 entre esta y\u00a0Tomebamba, esta \u00faltima capital norte\u00f1a del Imperio. Sin embargo, se utiliza la conquista\u00a0espa\u00f1ola\u00a0de la ciudad, el\u00a06 de diciembre\u00a0de\u00a01534, como su nacimiento.\u00a0La\u00a0Escuela quite\u00f1a\u00a0es como se ha llamado al conjunto de manifestaciones art\u00edsticas y de artistas que se desarroll\u00f3 en el territorio de la\u00a0Real Audiencia de Quito. La Escuela Quite\u00f1a alcanz\u00f3 su \u00e9poca de mayor esplendor entre los siglos XVII y XVIII, llegando a adquirir gran prestigio entre las otras colonias americanas e incluso en la corte espa\u00f1ola de Madrid.\u00a0El\u00a024 de mayo\u00a0de\u00a01822\u00a0el ej\u00e9rcito independista comandado por el General\u00a0Antonio Jos\u00e9 de Sucre\u00a0venci\u00f3 a las fuerzas realistas leales al rey de Espa\u00f1a quienes estaban bajo las \u00f3rdenes de Melchor de Aymerich, en la denominada\u00a0Batalla de Pichincha. Gracias a la victoria de las tropas grancolombinas, se consigui\u00f3 la liberaci\u00f3n de Quito y la independencia de las provincias pertenecientes a la\u00a0Real Audiencia de Quito. El\u00a013 de mayo\u00a0de\u00a01830\u00a0se crea la Rep\u00fablica del Ecuador, con Quito como capital tras separarse de la\u00a0Gran Colombia.<\/p>\n<p style=\"text-align: justify;\">Quito es el centro pol\u00edtico de la Rep\u00fablica, alberga los principales organismos gubernamentales, culturales, financieros -al ser el hogar de la mayor\u00eda de bancos de la Naci\u00f3n-, administrativos y comerciales del pa\u00eds -la mayor\u00eda de empresas transnacionales que trabajan en Ecuador tienen su matriz en la urbe-. La ciudad, a m\u00e1s de ser la capital administrativa del Ecuador, es la nueva capital econ\u00f3mica del pa\u00eds, seg\u00fan el censo econ\u00f3mico de 2010.\u00a0Es la primera ciudad declarada, junto a\u00a0Cracovia\u00a0en\u00a0Polonia, como\u00a0Patrimonio Cultural de la Humanidad\u00a0por la Unesco, el\u00a018 de septiembre\u00a0de\u00a01978.\u00a0Quito posee\u00a0el centro hist\u00f3rico\u00a0m\u00e1s grande, menos alterado y el mejor preservado de\u00a0Am\u00e9rica.<\/p>\n<p>Wikipedia<\/p>\n","protected":false},"excerpt":{"rendered":"<p>San Francisco de Quito, es la\u00a0ciudad\u00a0capital\u00a0de\u00a0Ecuador\u00a0y tambi\u00e9n de la provincia de\u00a0Pichincha,\u00a0es la segunda ciudad m\u00e1s poblada del\u00a0Ecuador. Adem\u00e1s es cabecera cantonal o distrital del\u00a0Distrito Metropolitano de Quito.\u00a0Actualmente es considerada la capital econ\u00f3mica del pa\u00eds.\u00a0Debido a su alto \u00edndice de desarrollo humano, Quito ser\u00e1 la ciudad m\u00e1s poblada del pa\u00eds en el 2020. Est\u00e1 ubicada sobre [&hellip;]<\/p>\n","protected":false},"author":2,"featured_media":0,"parent":0,"menu_order":0,"comment_status":"open","ping_status":"open","template":"page-template-portfolio.php","meta":{"nf_dc_page":"","jetpack_post_was_ever_published":false,"footnotes":""},"class_list":["post-781","page","type-page","status-publish","hentry"],"yoast_head":"<!-- This site is optimized with the Yoast SEO plugin v27.4 - https:\/\/yoast.com\/product\/yoast-seo-wordpress\/ -->\n<title>Quito - Hotels of Ecuador<\/title>\n<meta name=\"robots\" content=\"index, follow, max-snippet:-1, max-image-preview:large, max-video-preview:-1\" \/>\n<link rel=\"canonical\" href=\"https:\/\/www.ecuador-hotel.com\/es\/quito\/\" \/>\n<meta property=\"og:locale\" content=\"es_ES\" \/>\n<meta property=\"og:type\" content=\"article\" \/>\n<meta property=\"og:title\" content=\"Quito - Hotels of Ecuador\" \/>\n<meta property=\"og:description\" content=\"San Francisco de Quito, es la\u00a0ciudad\u00a0capital\u00a0de\u00a0Ecuador\u00a0y tambi\u00e9n de la provincia de\u00a0Pichincha,\u00a0es la segunda ciudad m\u00e1s poblada del\u00a0Ecuador. Adem\u00e1s es cabecera cantonal o distrital del\u00a0Distrito Metropolitano de Quito.\u00a0Actualmente es considerada la capital econ\u00f3mica del pa\u00eds.\u00a0Debido a su alto \u00edndice de desarrollo humano, Quito ser\u00e1 la ciudad m\u00e1s poblada del pa\u00eds en el 2020. Est\u00e1 ubicada sobre [&hellip;]\" \/>\n<meta property=\"og:url\" content=\"https:\/\/www.ecuador-hotel.com\/es\/quito\/\" \/>\n<meta property=\"og:site_name\" content=\"Hotels of Ecuador\" \/>\n<meta property=\"article:modified_time\" content=\"2014-04-29T14:42:07+00:00\" \/>\n<meta name=\"twitter:label1\" content=\"Tiempo de lectura\" \/>\n\t<meta name=\"twitter:data1\" content=\"2 minutos\" \/>\n<script type=\"application\/ld+json\" class=\"yoast-schema-graph\">{\"@context\":\"https:\\\/\\\/schema.org\",\"@graph\":[{\"@type\":\"WebPage\",\"@id\":\"https:\\\/\\\/www.ecuador-hotel.com\\\/es\\\/quito\\\/\",\"url\":\"https:\\\/\\\/www.ecuador-hotel.com\\\/es\\\/quito\\\/\",\"name\":\"Quito - Hotels of Ecuador\",\"isPartOf\":{\"@id\":\"https:\\\/\\\/www.ecuador-hotel.com\\\/#website\"},\"datePublished\":\"2014-04-29T14:33:46+00:00\",\"dateModified\":\"2014-04-29T14:42:07+00:00\",\"breadcrumb\":{\"@id\":\"https:\\\/\\\/www.ecuador-hotel.com\\\/es\\\/quito\\\/#breadcrumb\"},\"inLanguage\":\"es\",\"potentialAction\":[{\"@type\":\"ReadAction\",\"target\":[\"https:\\\/\\\/www.ecuador-hotel.com\\\/es\\\/quito\\\/\"]}]},{\"@type\":\"BreadcrumbList\",\"@id\":\"https:\\\/\\\/www.ecuador-hotel.com\\\/es\\\/quito\\\/#breadcrumb\",\"itemListElement\":[{\"@type\":\"ListItem\",\"position\":1,\"name\":\"Home\",\"item\":\"https:\\\/\\\/www.ecuador-hotel.com\\\/\"},{\"@type\":\"ListItem\",\"position\":2,\"name\":\"Quito\"}]},{\"@type\":\"WebSite\",\"@id\":\"https:\\\/\\\/www.ecuador-hotel.com\\\/#website\",\"url\":\"https:\\\/\\\/www.ecuador-hotel.com\\\/\",\"name\":\"Hotels of Ecuador\",\"description\":\"A travel guide through Ecuador\",\"potentialAction\":[{\"@type\":\"SearchAction\",\"target\":{\"@type\":\"EntryPoint\",\"urlTemplate\":\"https:\\\/\\\/www.ecuador-hotel.com\\\/?s={search_term_string}\"},\"query-input\":{\"@type\":\"PropertyValueSpecification\",\"valueRequired\":true,\"valueName\":\"search_term_string\"}}],\"inLanguage\":\"es\"}]}<\/script>\n<!-- \/ Yoast SEO plugin. -->","yoast_head_json":{"title":"Quito - Hotels of Ecuador","robots":{"index":"index","follow":"follow","max-snippet":"max-snippet:-1","max-image-preview":"max-image-preview:large","max-video-preview":"max-video-preview:-1"},"canonical":"https:\/\/www.ecuador-hotel.com\/es\/quito\/","og_locale":"es_ES","og_type":"article","og_title":"Quito - Hotels of Ecuador","og_description":"San Francisco de Quito, es la\u00a0ciudad\u00a0capital\u00a0de\u00a0Ecuador\u00a0y tambi\u00e9n de la provincia de\u00a0Pichincha,\u00a0es la segunda ciudad m\u00e1s poblada del\u00a0Ecuador. Adem\u00e1s es cabecera cantonal o distrital del\u00a0Distrito Metropolitano de Quito.\u00a0Actualmente es considerada la capital econ\u00f3mica del pa\u00eds.\u00a0Debido a su alto \u00edndice de desarrollo humano, Quito ser\u00e1 la ciudad m\u00e1s poblada del pa\u00eds en el 2020. Est\u00e1 ubicada sobre [&hellip;]","og_url":"https:\/\/www.ecuador-hotel.com\/es\/quito\/","og_site_name":"Hotels of Ecuador","article_modified_time":"2014-04-29T14:42:07+00:00","twitter_misc":{"Tiempo de lectura":"2 minutos"},"schema":{"@context":"https:\/\/schema.org","@graph":[{"@type":"WebPage","@id":"https:\/\/www.ecuador-hotel.com\/es\/quito\/","url":"https:\/\/www.ecuador-hotel.com\/es\/quito\/","name":"Quito - Hotels of Ecuador","isPartOf":{"@id":"https:\/\/www.ecuador-hotel.com\/#website"},"datePublished":"2014-04-29T14:33:46+00:00","dateModified":"2014-04-29T14:42:07+00:00","breadcrumb":{"@id":"https:\/\/www.ecuador-hotel.com\/es\/quito\/#breadcrumb"},"inLanguage":"es","potentialAction":[{"@type":"ReadAction","target":["https:\/\/www.ecuador-hotel.com\/es\/quito\/"]}]},{"@type":"BreadcrumbList","@id":"https:\/\/www.ecuador-hotel.com\/es\/quito\/#breadcrumb","itemListElement":[{"@type":"ListItem","position":1,"name":"Home","item":"https:\/\/www.ecuador-hotel.com\/"},{"@type":"ListItem","position":2,"name":"Quito"}]},{"@type":"WebSite","@id":"https:\/\/www.ecuador-hotel.com\/#website","url":"https:\/\/www.ecuador-hotel.com\/","name":"Hotels of Ecuador","description":"A travel guide through Ecuador","potentialAction":[{"@type":"SearchAction","target":{"@type":"EntryPoint","urlTemplate":"https:\/\/www.ecuador-hotel.com\/?s={search_term_string}"},"query-input":{"@type":"PropertyValueSpecification","valueRequired":true,"valueName":"search_term_string"}}],"inLanguage":"es"}]}},"jetpack_sharing_enabled":true,"jetpack_shortlink":"https:\/\/wp.me\/P4pFJc-cB","_links":{"self":[{"href":"https:\/\/www.ecuador-hotel.com\/es\/wp-json\/wp\/v2\/pages\/781","targetHints":{"allow":["GET"]}}],"collection":[{"href":"https:\/\/www.ecuador-hotel.com\/es\/wp-json\/wp\/v2\/pages"}],"about":[{"href":"https:\/\/www.ecuador-hotel.com\/es\/wp-json\/wp\/v2\/types\/page"}],"author":[{"embeddable":true,"href":"https:\/\/www.ecuador-hotel.com\/es\/wp-json\/wp\/v2\/users\/2"}],"replies":[{"embeddable":true,"href":"https:\/\/www.ecuador-hotel.com\/es\/wp-json\/wp\/v2\/comments?post=781"}],"version-history":[{"count":2,"href":"https:\/\/www.ecuador-hotel.com\/es\/wp-json\/wp\/v2\/pages\/781\/revisions"}],"predecessor-version":[{"id":787,"href":"https:\/\/www.ecuador-hotel.com\/es\/wp-json\/wp\/v2\/pages\/781\/revisions\/787"}],"wp:attachment":[{"href":"https:\/\/www.ecuador-hotel.com\/es\/wp-json\/wp\/v2\/media?parent=781"}],"curies":[{"name":"wp","href":"https:\/\/api.w.org\/{rel}","templated":true}]}}