{"id":710,"date":"2014-03-26T15:14:55","date_gmt":"2014-03-26T15:14:55","guid":{"rendered":"http:\/\/www.ecuador-hotel.com\/otavalo-2\/"},"modified":"2014-03-26T15:20:36","modified_gmt":"2014-03-26T15:20:36","slug":"otavalo","status":"publish","type":"page","link":"https:\/\/www.ecuador-hotel.com\/es\/otavalo\/","title":{"rendered":"Otavalo"},"content":{"rendered":"<p style=\"text-align: justify;\"><b>San Luis de Otavalo<\/b>,&#8217; o simplemente\u00a0<b>Otavalo<\/b>,&#8217; es una\u00a0ciudad\u00a0de la\u00a0provincia de Imbabura, en\u00a0Ecuador; situada a 110 kil\u00f3metros al norte de la ciudad de\u00a0Quito.<sup id=\"cite_ref-ubicgeo_1-0\">1<\/sup>\u00a0Otavalo ha sido declarada como \u201cCapital intercultural de Ecuador\u201d por ser un ciudad con enorme potencial en varios aspectos, poseedor de un encanto paisaj\u00edstico, riqueza cultural, historia y desarrollo comercial. Este valle andino es hogar de la etnia ind\u00edgena kichwa de los Otavalos, famosos por su habilidad textil y comercial, caracter\u00edsticas que han dado lugar al mercado artesanal ind\u00edgena m\u00e1s grande de Sudam\u00e9rica. La Plaza de Ponchos o Plaza Centenerio, colorido mercado artesanal m\u00e1s grande de Sudam\u00e9rica, es un sitio de confluencia a donde gente de todas partes del mundo llega para admirar la diversidad y habilidad artesanal y comercial.<\/p>\n","protected":false},"excerpt":{"rendered":"<p>San Luis de Otavalo,&#8217; o simplemente\u00a0Otavalo,&#8217; es una\u00a0ciudad\u00a0de la\u00a0provincia de Imbabura, en\u00a0Ecuador; situada a 110 kil\u00f3metros al norte de la ciudad de\u00a0Quito.1\u00a0Otavalo ha sido declarada como \u201cCapital intercultural de Ecuador\u201d por ser un ciudad con enorme potencial en varios aspectos, poseedor de un encanto paisaj\u00edstico, riqueza cultural, historia y desarrollo comercial. Este valle andino es [&hellip;]<\/p>\n","protected":false},"author":2,"featured_media":707,"parent":0,"menu_order":0,"comment_status":"open","ping_status":"open","template":"page-template-portfolio.php","meta":{"nf_dc_page":"","jetpack_post_was_ever_published":false,"footnotes":""},"class_list":["post-710","page","type-page","status-publish","has-post-thumbnail","hentry"],"yoast_head":"<!-- This site is optimized with the Yoast SEO plugin v27.4 - https:\/\/yoast.com\/product\/yoast-seo-wordpress\/ -->\n<title>Otavalo - Hotels of Ecuador<\/title>\n<meta name=\"robots\" content=\"index, follow, max-snippet:-1, max-image-preview:large, max-video-preview:-1\" \/>\n<link rel=\"canonical\" href=\"http:\/\/www.ecuador-hotel.com\/es\/otavalo\/\" \/>\n<meta property=\"og:locale\" content=\"es_ES\" \/>\n<meta property=\"og:type\" content=\"article\" \/>\n<meta property=\"og:title\" content=\"Otavalo - Hotels of Ecuador\" \/>\n<meta property=\"og:description\" content=\"San Luis de Otavalo,&#8217; o simplemente\u00a0Otavalo,&#8217; es una\u00a0ciudad\u00a0de la\u00a0provincia de Imbabura, en\u00a0Ecuador; situada a 110 kil\u00f3metros al norte de la ciudad de\u00a0Quito.1\u00a0Otavalo ha sido declarada como \u201cCapital intercultural de Ecuador\u201d por ser un ciudad con enorme potencial en varios aspectos, poseedor de un encanto paisaj\u00edstico, riqueza cultural, historia y desarrollo comercial. Este valle andino es [&hellip;]\" \/>\n<meta property=\"og:url\" content=\"http:\/\/www.ecuador-hotel.com\/es\/otavalo\/\" \/>\n<meta property=\"og:site_name\" content=\"Hotels of Ecuador\" \/>\n<meta property=\"article:modified_time\" content=\"2014-03-26T15:20:36+00:00\" \/>\n<meta property=\"og:image\" content=\"https:\/\/i0.wp.com\/www.ecuador-hotel.com\/wp-content\/uploads\/2014\/03\/IMG_0470.jpg?fit=1100%2C400\" \/>\n\t<meta property=\"og:image:width\" content=\"1100\" \/>\n\t<meta property=\"og:image:height\" content=\"400\" \/>\n\t<meta property=\"og:image:type\" content=\"image\/jpeg\" \/>\n<meta name=\"twitter:label1\" content=\"Tiempo de lectura\" \/>\n\t<meta name=\"twitter:data1\" content=\"1 minuto\" \/>\n<script type=\"application\/ld+json\" class=\"yoast-schema-graph\">{\"@context\":\"https:\\\/\\\/schema.org\",\"@graph\":[{\"@type\":\"WebPage\",\"@id\":\"http:\\\/\\\/www.ecuador-hotel.com\\\/es\\\/otavalo\\\/\",\"url\":\"http:\\\/\\\/www.ecuador-hotel.com\\\/es\\\/otavalo\\\/\",\"name\":\"Otavalo - Hotels of Ecuador\",\"isPartOf\":{\"@id\":\"https:\\\/\\\/www.ecuador-hotel.com\\\/#website\"},\"primaryImageOfPage\":{\"@id\":\"http:\\\/\\\/www.ecuador-hotel.com\\\/es\\\/otavalo\\\/#primaryimage\"},\"image\":{\"@id\":\"http:\\\/\\\/www.ecuador-hotel.com\\\/es\\\/otavalo\\\/#primaryimage\"},\"thumbnailUrl\":\"https:\\\/\\\/i0.wp.com\\\/www.ecuador-hotel.com\\\/wp-content\\\/uploads\\\/2014\\\/03\\\/IMG_0470.jpg?fit=1100%2C400&ssl=1\",\"datePublished\":\"2014-03-26T15:14:55+00:00\",\"dateModified\":\"2014-03-26T15:20:36+00:00\",\"breadcrumb\":{\"@id\":\"http:\\\/\\\/www.ecuador-hotel.com\\\/es\\\/otavalo\\\/#breadcrumb\"},\"inLanguage\":\"es\",\"potentialAction\":[{\"@type\":\"ReadAction\",\"target\":[\"http:\\\/\\\/www.ecuador-hotel.com\\\/es\\\/otavalo\\\/\"]}]},{\"@type\":\"ImageObject\",\"inLanguage\":\"es\",\"@id\":\"http:\\\/\\\/www.ecuador-hotel.com\\\/es\\\/otavalo\\\/#primaryimage\",\"url\":\"https:\\\/\\\/i0.wp.com\\\/www.ecuador-hotel.com\\\/wp-content\\\/uploads\\\/2014\\\/03\\\/IMG_0470.jpg?fit=1100%2C400&ssl=1\",\"contentUrl\":\"https:\\\/\\\/i0.wp.com\\\/www.ecuador-hotel.com\\\/wp-content\\\/uploads\\\/2014\\\/03\\\/IMG_0470.jpg?fit=1100%2C400&ssl=1\",\"width\":1100,\"height\":400},{\"@type\":\"BreadcrumbList\",\"@id\":\"http:\\\/\\\/www.ecuador-hotel.com\\\/es\\\/otavalo\\\/#breadcrumb\",\"itemListElement\":[{\"@type\":\"ListItem\",\"position\":1,\"name\":\"Home\",\"item\":\"https:\\\/\\\/www.ecuador-hotel.com\\\/\"},{\"@type\":\"ListItem\",\"position\":2,\"name\":\"Otavalo\"}]},{\"@type\":\"WebSite\",\"@id\":\"https:\\\/\\\/www.ecuador-hotel.com\\\/#website\",\"url\":\"https:\\\/\\\/www.ecuador-hotel.com\\\/\",\"name\":\"Hotels of Ecuador\",\"description\":\"A travel guide through Ecuador\",\"potentialAction\":[{\"@type\":\"SearchAction\",\"target\":{\"@type\":\"EntryPoint\",\"urlTemplate\":\"https:\\\/\\\/www.ecuador-hotel.com\\\/?s={search_term_string}\"},\"query-input\":{\"@type\":\"PropertyValueSpecification\",\"valueRequired\":true,\"valueName\":\"search_term_string\"}}],\"inLanguage\":\"es\"}]}<\/script>\n<!-- \/ Yoast SEO plugin. -->","yoast_head_json":{"title":"Otavalo - Hotels of Ecuador","robots":{"index":"index","follow":"follow","max-snippet":"max-snippet:-1","max-image-preview":"max-image-preview:large","max-video-preview":"max-video-preview:-1"},"canonical":"http:\/\/www.ecuador-hotel.com\/es\/otavalo\/","og_locale":"es_ES","og_type":"article","og_title":"Otavalo - Hotels of Ecuador","og_description":"San Luis de Otavalo,&#8217; o simplemente\u00a0Otavalo,&#8217; es una\u00a0ciudad\u00a0de la\u00a0provincia de Imbabura, en\u00a0Ecuador; situada a 110 kil\u00f3metros al norte de la ciudad de\u00a0Quito.1\u00a0Otavalo ha sido declarada como \u201cCapital intercultural de Ecuador\u201d por ser un ciudad con enorme potencial en varios aspectos, poseedor de un encanto paisaj\u00edstico, riqueza cultural, historia y desarrollo comercial. Este valle andino es [&hellip;]","og_url":"http:\/\/www.ecuador-hotel.com\/es\/otavalo\/","og_site_name":"Hotels of Ecuador","article_modified_time":"2014-03-26T15:20:36+00:00","og_image":[{"width":1100,"height":400,"url":"https:\/\/i0.wp.com\/www.ecuador-hotel.com\/wp-content\/uploads\/2014\/03\/IMG_0470.jpg?fit=1100%2C400","type":"image\/jpeg"}],"twitter_misc":{"Tiempo de lectura":"1 minuto"},"schema":{"@context":"https:\/\/schema.org","@graph":[{"@type":"WebPage","@id":"http:\/\/www.ecuador-hotel.com\/es\/otavalo\/","url":"http:\/\/www.ecuador-hotel.com\/es\/otavalo\/","name":"Otavalo - Hotels of Ecuador","isPartOf":{"@id":"https:\/\/www.ecuador-hotel.com\/#website"},"primaryImageOfPage":{"@id":"http:\/\/www.ecuador-hotel.com\/es\/otavalo\/#primaryimage"},"image":{"@id":"http:\/\/www.ecuador-hotel.com\/es\/otavalo\/#primaryimage"},"thumbnailUrl":"https:\/\/i0.wp.com\/www.ecuador-hotel.com\/wp-content\/uploads\/2014\/03\/IMG_0470.jpg?fit=1100%2C400&ssl=1","datePublished":"2014-03-26T15:14:55+00:00","dateModified":"2014-03-26T15:20:36+00:00","breadcrumb":{"@id":"http:\/\/www.ecuador-hotel.com\/es\/otavalo\/#breadcrumb"},"inLanguage":"es","potentialAction":[{"@type":"ReadAction","target":["http:\/\/www.ecuador-hotel.com\/es\/otavalo\/"]}]},{"@type":"ImageObject","inLanguage":"es","@id":"http:\/\/www.ecuador-hotel.com\/es\/otavalo\/#primaryimage","url":"https:\/\/i0.wp.com\/www.ecuador-hotel.com\/wp-content\/uploads\/2014\/03\/IMG_0470.jpg?fit=1100%2C400&ssl=1","contentUrl":"https:\/\/i0.wp.com\/www.ecuador-hotel.com\/wp-content\/uploads\/2014\/03\/IMG_0470.jpg?fit=1100%2C400&ssl=1","width":1100,"height":400},{"@type":"BreadcrumbList","@id":"http:\/\/www.ecuador-hotel.com\/es\/otavalo\/#breadcrumb","itemListElement":[{"@type":"ListItem","position":1,"name":"Home","item":"https:\/\/www.ecuador-hotel.com\/"},{"@type":"ListItem","position":2,"name":"Otavalo"}]},{"@type":"WebSite","@id":"https:\/\/www.ecuador-hotel.com\/#website","url":"https:\/\/www.ecuador-hotel.com\/","name":"Hotels of Ecuador","description":"A travel guide through Ecuador","potentialAction":[{"@type":"SearchAction","target":{"@type":"EntryPoint","urlTemplate":"https:\/\/www.ecuador-hotel.com\/?s={search_term_string}"},"query-input":{"@type":"PropertyValueSpecification","valueRequired":true,"valueName":"search_term_string"}}],"inLanguage":"es"}]}},"jetpack_sharing_enabled":true,"jetpack_shortlink":"https:\/\/wp.me\/P4pFJc-bs","_links":{"self":[{"href":"https:\/\/www.ecuador-hotel.com\/es\/wp-json\/wp\/v2\/pages\/710","targetHints":{"allow":["GET"]}}],"collection":[{"href":"https:\/\/www.ecuador-hotel.com\/es\/wp-json\/wp\/v2\/pages"}],"about":[{"href":"https:\/\/www.ecuador-hotel.com\/es\/wp-json\/wp\/v2\/types\/page"}],"author":[{"embeddable":true,"href":"https:\/\/www.ecuador-hotel.com\/es\/wp-json\/wp\/v2\/users\/2"}],"replies":[{"embeddable":true,"href":"https:\/\/www.ecuador-hotel.com\/es\/wp-json\/wp\/v2\/comments?post=710"}],"version-history":[{"count":2,"href":"https:\/\/www.ecuador-hotel.com\/es\/wp-json\/wp\/v2\/pages\/710\/revisions"}],"predecessor-version":[{"id":714,"href":"https:\/\/www.ecuador-hotel.com\/es\/wp-json\/wp\/v2\/pages\/710\/revisions\/714"}],"wp:featuredmedia":[{"embeddable":true,"href":"https:\/\/www.ecuador-hotel.com\/es\/wp-json\/wp\/v2\/media\/707"}],"wp:attachment":[{"href":"https:\/\/www.ecuador-hotel.com\/es\/wp-json\/wp\/v2\/media?parent=710"}],"curies":[{"name":"wp","href":"https:\/\/api.w.org\/{rel}","templated":true}]}}