{"id":360,"date":"2014-03-09T02:56:35","date_gmt":"2014-03-09T02:56:35","guid":{"rendered":"http:\/\/www.ecuador-hotel.com\/santa-cruz-2\/"},"modified":"2014-03-24T12:11:28","modified_gmt":"2014-03-24T12:11:28","slug":"santa-cruz","status":"publish","type":"page","link":"https:\/\/www.ecuador-hotel.com\/es\/santa-cruz\/","title":{"rendered":"Santa Cruz"},"content":{"rendered":"<p style=\"text-align: justify;\"><b>Santa Cruz<\/b>, es la segunda isla m\u00e1s grande despu\u00e9s de\u00a0isla Isabela, del archipi\u00e9lago de las\u00a0Gal\u00e1pagos. Se localiza en el centro del conjunto de islas, con un \u00e1rea de 986 km<sup>2<\/sup>\u00a0y una altitud m\u00e1xima de 864\u00a0msnm.<sup id=\"cite_ref-GCSC_1-0\">1<\/sup>\u00a0Es un\u00a0volc\u00e1n\u00a0durmiente cuya \u00faltima erupci\u00f3n se estima que ocurri\u00f3 hace 1 mill\u00f3n y medio de a\u00f1os. Como testimonio de su pasado volc\u00e1nico existen dos enormes cavidades llamadas &#8220;Los Gemelos&#8221; que se formaron a partir de una c\u00e1mara de magma.\u00a0Bah\u00eda Tortuga\u00a0est\u00e1 situada en la isla de\u00a0<strong>Santa Cruz<\/strong>\u00a0en las\u00a0Gal\u00e1pagos,\u00a0Ecuador.\u00a0Puerto Ayora\u00a0esta alrededor de 20 minutos a pie. En los manglares es muy com\u00fan encontrar\u00a0Grapsus grapsus\u00a0Cangrejo multicolor caminando,\u00a0Amblyrhynchus cristatus\u00a0&#8211;\u00a0Iguana\u00a0,tiburones de arrecife de punta blanca\u00a0y\u00a0Tortuga de las Gal\u00e1pagos.<\/p>\n","protected":false},"excerpt":{"rendered":"<p>Santa Cruz, es la segunda isla m\u00e1s grande despu\u00e9s de\u00a0isla Isabela, del archipi\u00e9lago de las\u00a0Gal\u00e1pagos. Se localiza en el centro del conjunto de islas, con un \u00e1rea de 986 km2\u00a0y una altitud m\u00e1xima de 864\u00a0msnm.1\u00a0Es un\u00a0volc\u00e1n\u00a0durmiente cuya \u00faltima erupci\u00f3n se estima que ocurri\u00f3 hace 1 mill\u00f3n y medio de a\u00f1os. Como testimonio de su pasado [&hellip;]<\/p>\n","protected":false},"author":2,"featured_media":0,"parent":0,"menu_order":0,"comment_status":"open","ping_status":"open","template":"page-template-portfolio.php","meta":{"nf_dc_page":"","jetpack_post_was_ever_published":false,"footnotes":""},"class_list":["post-360","page","type-page","status-publish","hentry"],"yoast_head":"<!-- This site is optimized with the Yoast SEO plugin v27.4 - https:\/\/yoast.com\/product\/yoast-seo-wordpress\/ -->\n<title>Santa Cruz - Hotels of Ecuador<\/title>\n<meta name=\"robots\" content=\"index, follow, max-snippet:-1, max-image-preview:large, max-video-preview:-1\" \/>\n<link rel=\"canonical\" href=\"https:\/\/www.ecuador-hotel.com\/es\/santa-cruz\/\" \/>\n<meta property=\"og:locale\" content=\"es_ES\" \/>\n<meta property=\"og:type\" content=\"article\" \/>\n<meta property=\"og:title\" content=\"Santa Cruz - Hotels of Ecuador\" \/>\n<meta property=\"og:description\" content=\"Santa Cruz, es la segunda isla m\u00e1s grande despu\u00e9s de\u00a0isla Isabela, del archipi\u00e9lago de las\u00a0Gal\u00e1pagos. Se localiza en el centro del conjunto de islas, con un \u00e1rea de 986 km2\u00a0y una altitud m\u00e1xima de 864\u00a0msnm.1\u00a0Es un\u00a0volc\u00e1n\u00a0durmiente cuya \u00faltima erupci\u00f3n se estima que ocurri\u00f3 hace 1 mill\u00f3n y medio de a\u00f1os. Como testimonio de su pasado [&hellip;]\" \/>\n<meta property=\"og:url\" content=\"https:\/\/www.ecuador-hotel.com\/es\/santa-cruz\/\" \/>\n<meta property=\"og:site_name\" content=\"Hotels of Ecuador\" \/>\n<meta property=\"article:modified_time\" content=\"2014-03-24T12:11:28+00:00\" \/>\n<meta name=\"twitter:label1\" content=\"Tiempo de lectura\" \/>\n\t<meta name=\"twitter:data1\" content=\"1 minuto\" \/>\n<script type=\"application\/ld+json\" class=\"yoast-schema-graph\">{\"@context\":\"https:\\\/\\\/schema.org\",\"@graph\":[{\"@type\":\"WebPage\",\"@id\":\"https:\\\/\\\/www.ecuador-hotel.com\\\/es\\\/santa-cruz\\\/\",\"url\":\"https:\\\/\\\/www.ecuador-hotel.com\\\/es\\\/santa-cruz\\\/\",\"name\":\"Santa Cruz - Hotels of Ecuador\",\"isPartOf\":{\"@id\":\"https:\\\/\\\/www.ecuador-hotel.com\\\/#website\"},\"datePublished\":\"2014-03-09T02:56:35+00:00\",\"dateModified\":\"2014-03-24T12:11:28+00:00\",\"breadcrumb\":{\"@id\":\"https:\\\/\\\/www.ecuador-hotel.com\\\/es\\\/santa-cruz\\\/#breadcrumb\"},\"inLanguage\":\"es\",\"potentialAction\":[{\"@type\":\"ReadAction\",\"target\":[\"https:\\\/\\\/www.ecuador-hotel.com\\\/es\\\/santa-cruz\\\/\"]}]},{\"@type\":\"BreadcrumbList\",\"@id\":\"https:\\\/\\\/www.ecuador-hotel.com\\\/es\\\/santa-cruz\\\/#breadcrumb\",\"itemListElement\":[{\"@type\":\"ListItem\",\"position\":1,\"name\":\"Home\",\"item\":\"https:\\\/\\\/www.ecuador-hotel.com\\\/\"},{\"@type\":\"ListItem\",\"position\":2,\"name\":\"Santa Cruz\"}]},{\"@type\":\"WebSite\",\"@id\":\"https:\\\/\\\/www.ecuador-hotel.com\\\/#website\",\"url\":\"https:\\\/\\\/www.ecuador-hotel.com\\\/\",\"name\":\"Hotels of Ecuador\",\"description\":\"A travel guide through Ecuador\",\"potentialAction\":[{\"@type\":\"SearchAction\",\"target\":{\"@type\":\"EntryPoint\",\"urlTemplate\":\"https:\\\/\\\/www.ecuador-hotel.com\\\/?s={search_term_string}\"},\"query-input\":{\"@type\":\"PropertyValueSpecification\",\"valueRequired\":true,\"valueName\":\"search_term_string\"}}],\"inLanguage\":\"es\"}]}<\/script>\n<!-- \/ Yoast SEO plugin. -->","yoast_head_json":{"title":"Santa Cruz - Hotels of Ecuador","robots":{"index":"index","follow":"follow","max-snippet":"max-snippet:-1","max-image-preview":"max-image-preview:large","max-video-preview":"max-video-preview:-1"},"canonical":"https:\/\/www.ecuador-hotel.com\/es\/santa-cruz\/","og_locale":"es_ES","og_type":"article","og_title":"Santa Cruz - Hotels of Ecuador","og_description":"Santa Cruz, es la segunda isla m\u00e1s grande despu\u00e9s de\u00a0isla Isabela, del archipi\u00e9lago de las\u00a0Gal\u00e1pagos. Se localiza en el centro del conjunto de islas, con un \u00e1rea de 986 km2\u00a0y una altitud m\u00e1xima de 864\u00a0msnm.1\u00a0Es un\u00a0volc\u00e1n\u00a0durmiente cuya \u00faltima erupci\u00f3n se estima que ocurri\u00f3 hace 1 mill\u00f3n y medio de a\u00f1os. Como testimonio de su pasado [&hellip;]","og_url":"https:\/\/www.ecuador-hotel.com\/es\/santa-cruz\/","og_site_name":"Hotels of Ecuador","article_modified_time":"2014-03-24T12:11:28+00:00","twitter_misc":{"Tiempo de lectura":"1 minuto"},"schema":{"@context":"https:\/\/schema.org","@graph":[{"@type":"WebPage","@id":"https:\/\/www.ecuador-hotel.com\/es\/santa-cruz\/","url":"https:\/\/www.ecuador-hotel.com\/es\/santa-cruz\/","name":"Santa Cruz - Hotels of Ecuador","isPartOf":{"@id":"https:\/\/www.ecuador-hotel.com\/#website"},"datePublished":"2014-03-09T02:56:35+00:00","dateModified":"2014-03-24T12:11:28+00:00","breadcrumb":{"@id":"https:\/\/www.ecuador-hotel.com\/es\/santa-cruz\/#breadcrumb"},"inLanguage":"es","potentialAction":[{"@type":"ReadAction","target":["https:\/\/www.ecuador-hotel.com\/es\/santa-cruz\/"]}]},{"@type":"BreadcrumbList","@id":"https:\/\/www.ecuador-hotel.com\/es\/santa-cruz\/#breadcrumb","itemListElement":[{"@type":"ListItem","position":1,"name":"Home","item":"https:\/\/www.ecuador-hotel.com\/"},{"@type":"ListItem","position":2,"name":"Santa Cruz"}]},{"@type":"WebSite","@id":"https:\/\/www.ecuador-hotel.com\/#website","url":"https:\/\/www.ecuador-hotel.com\/","name":"Hotels of Ecuador","description":"A travel guide through Ecuador","potentialAction":[{"@type":"SearchAction","target":{"@type":"EntryPoint","urlTemplate":"https:\/\/www.ecuador-hotel.com\/?s={search_term_string}"},"query-input":{"@type":"PropertyValueSpecification","valueRequired":true,"valueName":"search_term_string"}}],"inLanguage":"es"}]}},"jetpack_sharing_enabled":true,"jetpack_shortlink":"https:\/\/wp.me\/P4pFJc-5O","_links":{"self":[{"href":"https:\/\/www.ecuador-hotel.com\/es\/wp-json\/wp\/v2\/pages\/360","targetHints":{"allow":["GET"]}}],"collection":[{"href":"https:\/\/www.ecuador-hotel.com\/es\/wp-json\/wp\/v2\/pages"}],"about":[{"href":"https:\/\/www.ecuador-hotel.com\/es\/wp-json\/wp\/v2\/types\/page"}],"author":[{"embeddable":true,"href":"https:\/\/www.ecuador-hotel.com\/es\/wp-json\/wp\/v2\/users\/2"}],"replies":[{"embeddable":true,"href":"https:\/\/www.ecuador-hotel.com\/es\/wp-json\/wp\/v2\/comments?post=360"}],"version-history":[{"count":2,"href":"https:\/\/www.ecuador-hotel.com\/es\/wp-json\/wp\/v2\/pages\/360\/revisions"}],"predecessor-version":[{"id":370,"href":"https:\/\/www.ecuador-hotel.com\/es\/wp-json\/wp\/v2\/pages\/360\/revisions\/370"}],"wp:attachment":[{"href":"https:\/\/www.ecuador-hotel.com\/es\/wp-json\/wp\/v2\/media?parent=360"}],"curies":[{"name":"wp","href":"https:\/\/api.w.org\/{rel}","templated":true}]}}