{"id":235,"date":"2014-03-05T17:15:00","date_gmt":"2014-03-05T17:15:00","guid":{"rendered":"http:\/\/www.ecuador-hotel.com\/tungurahua-2\/"},"modified":"2014-04-05T18:07:05","modified_gmt":"2014-04-05T18:07:05","slug":"tungurahua","status":"publish","type":"page","link":"https:\/\/www.ecuador-hotel.com\/es\/tungurahua\/","title":{"rendered":"TUNGURAHUA"},"content":{"rendered":"<p style=\"text-align: justify;\"><b>Tungurahua<\/b>, oficialmente\u00a0<b>Provincia de Tungurahua<\/b>\u00a0es una de las 24\u00a0provincias\u00a0que conforman la\u00a0Rep\u00fablica del Ecuador. Se encuentra al centro del pa\u00eds, en la regi\u00f3n geogr\u00e1fica conocida como\u00a0sierra. La ciudad de\u00a0Ambato\u00a0es su capital administrativa; se divide en 9 cantones. Forma parte de la regi\u00f3n comprendida tambi\u00e9n por las provincias de\u00a0Cotopaxi,\u00a0Chimborazo\u00a0y Pastaza.<\/p>\n<p style=\"text-align: justify;\">La provincia adquiere su nombre del\u00a0estratovolc\u00e1n\u00a0activo\u00a0hom\u00f3nimo.<\/p>\n<p style=\"text-align: justify;\">Con una poblaci\u00f3n de 542.583 habitantes en 2013, es la s\u00e9ptima provincia m\u00e1s poblada del Ecuador. Tiene una extensi\u00f3n de 3.335km\u00b2 y se encuentra a 2.620 metros sobre el nivel del mar<\/p>\n","protected":false},"excerpt":{"rendered":"<p>Tungurahua, oficialmente\u00a0Provincia de Tungurahua\u00a0es una de las 24\u00a0provincias\u00a0que conforman la\u00a0Rep\u00fablica del Ecuador. Se encuentra al centro del pa\u00eds, en la regi\u00f3n geogr\u00e1fica conocida como\u00a0sierra. La ciudad de\u00a0Ambato\u00a0es su capital administrativa; se divide en 9 cantones. Forma parte de la regi\u00f3n comprendida tambi\u00e9n por las provincias de\u00a0Cotopaxi,\u00a0Chimborazo\u00a0y Pastaza. La provincia adquiere su nombre del\u00a0estratovolc\u00e1n\u00a0activo\u00a0hom\u00f3nimo. Con una [&hellip;]<\/p>\n","protected":false},"author":2,"featured_media":0,"parent":0,"menu_order":0,"comment_status":"open","ping_status":"open","template":"page-template-portfolio.php","meta":{"nf_dc_page":"","jetpack_post_was_ever_published":false,"footnotes":""},"class_list":["post-235","page","type-page","status-publish","hentry"],"yoast_head":"<!-- This site is optimized with the Yoast SEO plugin v27.4 - https:\/\/yoast.com\/product\/yoast-seo-wordpress\/ -->\n<title>TUNGURAHUA - Hotels of Ecuador<\/title>\n<meta name=\"description\" content=\"Few regions can seduce its visitors as easily as doesEcuador&#039;s Tungurahua province. With its temperate, wet, and cool climate, this province - which lies to the south of Cotopaxi - is a region of majestic peaks, challenging terrain and the rythmic parting of Carnivale&#039;! Known as much for its leather crafts as it is for its fruit and flower production, you&#039;ll soon discover why the town of Banos is known as the &quot;gateway to the Amazon&quot;.\" \/>\n<meta name=\"robots\" content=\"index, follow, max-snippet:-1, max-image-preview:large, max-video-preview:-1\" \/>\n<link rel=\"canonical\" href=\"https:\/\/www.ecuador-hotel.com\/es\/tungurahua\/\" \/>\n<meta property=\"og:locale\" content=\"es_ES\" \/>\n<meta property=\"og:type\" content=\"article\" \/>\n<meta property=\"og:title\" content=\"TUNGURAHUA - Hotels of Ecuador\" \/>\n<meta property=\"og:description\" content=\"Few regions can seduce its visitors as easily as doesEcuador&#039;s Tungurahua province. With its temperate, wet, and cool climate, this province - which lies to the south of Cotopaxi - is a region of majestic peaks, challenging terrain and the rythmic parting of Carnivale&#039;! Known as much for its leather crafts as it is for its fruit and flower production, you&#039;ll soon discover why the town of Banos is known as the &quot;gateway to the Amazon&quot;.\" \/>\n<meta property=\"og:url\" content=\"https:\/\/www.ecuador-hotel.com\/es\/tungurahua\/\" \/>\n<meta property=\"og:site_name\" content=\"Hotels of Ecuador\" \/>\n<meta property=\"article:modified_time\" content=\"2014-04-05T18:07:05+00:00\" \/>\n<meta name=\"twitter:label1\" content=\"Tiempo de lectura\" \/>\n\t<meta name=\"twitter:data1\" content=\"1 minuto\" \/>\n<script type=\"application\/ld+json\" class=\"yoast-schema-graph\">{\"@context\":\"https:\\\/\\\/schema.org\",\"@graph\":[{\"@type\":\"WebPage\",\"@id\":\"https:\\\/\\\/www.ecuador-hotel.com\\\/es\\\/tungurahua\\\/\",\"url\":\"https:\\\/\\\/www.ecuador-hotel.com\\\/es\\\/tungurahua\\\/\",\"name\":\"TUNGURAHUA - Hotels of Ecuador\",\"isPartOf\":{\"@id\":\"https:\\\/\\\/www.ecuador-hotel.com\\\/#website\"},\"datePublished\":\"2014-03-05T17:15:00+00:00\",\"dateModified\":\"2014-04-05T18:07:05+00:00\",\"description\":\"Few regions can seduce its visitors as easily as doesEcuador's Tungurahua province. With its temperate, wet, and cool climate, this province - which lies to the south of Cotopaxi - is a region of majestic peaks, challenging terrain and the rythmic parting of Carnivale'! Known as much for its leather crafts as it is for its fruit and flower production, you'll soon discover why the town of Banos is known as the \\\"gateway to the Amazon\\\".\",\"breadcrumb\":{\"@id\":\"https:\\\/\\\/www.ecuador-hotel.com\\\/es\\\/tungurahua\\\/#breadcrumb\"},\"inLanguage\":\"es\",\"potentialAction\":[{\"@type\":\"ReadAction\",\"target\":[\"https:\\\/\\\/www.ecuador-hotel.com\\\/es\\\/tungurahua\\\/\"]}]},{\"@type\":\"BreadcrumbList\",\"@id\":\"https:\\\/\\\/www.ecuador-hotel.com\\\/es\\\/tungurahua\\\/#breadcrumb\",\"itemListElement\":[{\"@type\":\"ListItem\",\"position\":1,\"name\":\"Home\",\"item\":\"https:\\\/\\\/www.ecuador-hotel.com\\\/\"},{\"@type\":\"ListItem\",\"position\":2,\"name\":\"TUNGURAHUA\"}]},{\"@type\":\"WebSite\",\"@id\":\"https:\\\/\\\/www.ecuador-hotel.com\\\/#website\",\"url\":\"https:\\\/\\\/www.ecuador-hotel.com\\\/\",\"name\":\"Hotels of Ecuador\",\"description\":\"A travel guide through Ecuador\",\"potentialAction\":[{\"@type\":\"SearchAction\",\"target\":{\"@type\":\"EntryPoint\",\"urlTemplate\":\"https:\\\/\\\/www.ecuador-hotel.com\\\/?s={search_term_string}\"},\"query-input\":{\"@type\":\"PropertyValueSpecification\",\"valueRequired\":true,\"valueName\":\"search_term_string\"}}],\"inLanguage\":\"es\"}]}<\/script>\n<!-- \/ Yoast SEO plugin. -->","yoast_head_json":{"title":"TUNGURAHUA - Hotels of Ecuador","description":"Few regions can seduce its visitors as easily as doesEcuador's Tungurahua province. With its temperate, wet, and cool climate, this province - which lies to the south of Cotopaxi - is a region of majestic peaks, challenging terrain and the rythmic parting of Carnivale'! Known as much for its leather crafts as it is for its fruit and flower production, you'll soon discover why the town of Banos is known as the \"gateway to the Amazon\".","robots":{"index":"index","follow":"follow","max-snippet":"max-snippet:-1","max-image-preview":"max-image-preview:large","max-video-preview":"max-video-preview:-1"},"canonical":"https:\/\/www.ecuador-hotel.com\/es\/tungurahua\/","og_locale":"es_ES","og_type":"article","og_title":"TUNGURAHUA - Hotels of Ecuador","og_description":"Few regions can seduce its visitors as easily as doesEcuador's Tungurahua province. With its temperate, wet, and cool climate, this province - which lies to the south of Cotopaxi - is a region of majestic peaks, challenging terrain and the rythmic parting of Carnivale'! Known as much for its leather crafts as it is for its fruit and flower production, you'll soon discover why the town of Banos is known as the \"gateway to the Amazon\".","og_url":"https:\/\/www.ecuador-hotel.com\/es\/tungurahua\/","og_site_name":"Hotels of Ecuador","article_modified_time":"2014-04-05T18:07:05+00:00","twitter_misc":{"Tiempo de lectura":"1 minuto"},"schema":{"@context":"https:\/\/schema.org","@graph":[{"@type":"WebPage","@id":"https:\/\/www.ecuador-hotel.com\/es\/tungurahua\/","url":"https:\/\/www.ecuador-hotel.com\/es\/tungurahua\/","name":"TUNGURAHUA - Hotels of Ecuador","isPartOf":{"@id":"https:\/\/www.ecuador-hotel.com\/#website"},"datePublished":"2014-03-05T17:15:00+00:00","dateModified":"2014-04-05T18:07:05+00:00","description":"Few regions can seduce its visitors as easily as doesEcuador's Tungurahua province. With its temperate, wet, and cool climate, this province - which lies to the south of Cotopaxi - is a region of majestic peaks, challenging terrain and the rythmic parting of Carnivale'! Known as much for its leather crafts as it is for its fruit and flower production, you'll soon discover why the town of Banos is known as the \"gateway to the Amazon\".","breadcrumb":{"@id":"https:\/\/www.ecuador-hotel.com\/es\/tungurahua\/#breadcrumb"},"inLanguage":"es","potentialAction":[{"@type":"ReadAction","target":["https:\/\/www.ecuador-hotel.com\/es\/tungurahua\/"]}]},{"@type":"BreadcrumbList","@id":"https:\/\/www.ecuador-hotel.com\/es\/tungurahua\/#breadcrumb","itemListElement":[{"@type":"ListItem","position":1,"name":"Home","item":"https:\/\/www.ecuador-hotel.com\/"},{"@type":"ListItem","position":2,"name":"TUNGURAHUA"}]},{"@type":"WebSite","@id":"https:\/\/www.ecuador-hotel.com\/#website","url":"https:\/\/www.ecuador-hotel.com\/","name":"Hotels of Ecuador","description":"A travel guide through Ecuador","potentialAction":[{"@type":"SearchAction","target":{"@type":"EntryPoint","urlTemplate":"https:\/\/www.ecuador-hotel.com\/?s={search_term_string}"},"query-input":{"@type":"PropertyValueSpecification","valueRequired":true,"valueName":"search_term_string"}}],"inLanguage":"es"}]}},"jetpack_sharing_enabled":true,"jetpack_shortlink":"https:\/\/wp.me\/P4pFJc-3N","_links":{"self":[{"href":"https:\/\/www.ecuador-hotel.com\/es\/wp-json\/wp\/v2\/pages\/235","targetHints":{"allow":["GET"]}}],"collection":[{"href":"https:\/\/www.ecuador-hotel.com\/es\/wp-json\/wp\/v2\/pages"}],"about":[{"href":"https:\/\/www.ecuador-hotel.com\/es\/wp-json\/wp\/v2\/types\/page"}],"author":[{"embeddable":true,"href":"https:\/\/www.ecuador-hotel.com\/es\/wp-json\/wp\/v2\/users\/2"}],"replies":[{"embeddable":true,"href":"https:\/\/www.ecuador-hotel.com\/es\/wp-json\/wp\/v2\/comments?post=235"}],"version-history":[{"count":2,"href":"https:\/\/www.ecuador-hotel.com\/es\/wp-json\/wp\/v2\/pages\/235\/revisions"}],"predecessor-version":[{"id":263,"href":"https:\/\/www.ecuador-hotel.com\/es\/wp-json\/wp\/v2\/pages\/235\/revisions\/263"}],"wp:attachment":[{"href":"https:\/\/www.ecuador-hotel.com\/es\/wp-json\/wp\/v2\/media?parent=235"}],"curies":[{"name":"wp","href":"https:\/\/api.w.org\/{rel}","templated":true}]}}