{"id":873,"date":"2014-03-05T17:19:00","date_gmt":"2014-03-05T17:19:00","guid":{"rendered":"http:\/\/www.ecuador-hotel.com\/azuay-2\/"},"modified":"2014-05-17T19:49:53","modified_gmt":"2014-05-17T19:49:53","slug":"azuay","status":"publish","type":"page","link":"http:\/\/www.ecuador-hotel.com\/fr\/azuay\/","title":{"rendered":"AZUAY"},"content":{"rendered":"<p style=\"text-align: justify;\">La\u00a0<b>province d&#8217;Azuay<\/b>\u00a0est une\u00a0subdivision\u00a0de l&#8217;\u00c9quateur, cr\u00e9\u00e9e le\u00a0<time datetime=\"1824-06-25\">25\u00a0juin\u00a01824<\/time>. Elle couvre une superficie de\u00a07\u00a0701\u00a0km<sup>2<\/sup>. Sa capitale est\u00a0Cuenca.<\/p>\n<p style=\"text-align: justify;\">Cette\u00a0province\u00a0est situ\u00e9e au sud de l&#8217;\u00c9quateur, dans les hautes plaines. Ses montagnes atteignent une altitude de\u00a04\u00a0500\u00a0m\u00a0dans le parc national d&#8217;El Cajas.<\/p>\n<p style=\"text-align: justify;\">Azuay est travers\u00e9e par la\u00a0Route panam\u00e9ricaine. Cuenca est reli\u00e9e \u00e0\u00a0Quito, la capitale du pays, et\u00a0Guayaquil, la plus grande ville, par des vols nationaux r\u00e9guliers. Elle abrite la plus grande centrale\u00a0hydro\u00e9lectrique\u00a0du pays, sur la rivi\u00e8re\u00a0Paute.<\/p>\n","protected":false},"excerpt":{"rendered":"<p>La\u00a0province d&#8217;Azuay\u00a0est une\u00a0subdivision\u00a0de l&#8217;\u00c9quateur, cr\u00e9\u00e9e le\u00a025\u00a0juin\u00a01824. Elle couvre une superficie de\u00a07\u00a0701\u00a0km2. Sa capitale est\u00a0Cuenca. Cette\u00a0province\u00a0est situ\u00e9e au sud de l&#8217;\u00c9quateur, dans les hautes plaines. Ses montagnes atteignent une altitude de\u00a04\u00a0500\u00a0m\u00a0dans le parc national d&#8217;El Cajas. Azuay est travers\u00e9e par la\u00a0Route panam\u00e9ricaine. Cuenca est reli\u00e9e \u00e0\u00a0Quito, la capitale du pays, et\u00a0Guayaquil, la plus grande ville, par [&hellip;]<\/p>\n","protected":false},"author":1,"featured_media":0,"parent":0,"menu_order":0,"comment_status":"open","ping_status":"open","template":"page-template-portfolio.php","meta":{"nf_dc_page":"","jetpack_post_was_ever_published":false,"footnotes":""},"class_list":["post-873","page","type-page","status-publish","hentry"],"yoast_head":"<!-- This site is optimized with the Yoast SEO plugin v27.4 - https:\/\/yoast.com\/product\/yoast-seo-wordpress\/ -->\n<title>AZUAY - Hotels of Ecuador<\/title>\n<meta name=\"robots\" content=\"index, follow, max-snippet:-1, max-image-preview:large, max-video-preview:-1\" \/>\n<link rel=\"canonical\" href=\"http:\/\/www.ecuador-hotel.com\/fr\/azuay\/\" \/>\n<meta property=\"og:locale\" content=\"fr_FR\" \/>\n<meta property=\"og:type\" content=\"article\" \/>\n<meta property=\"og:title\" content=\"AZUAY - Hotels of Ecuador\" \/>\n<meta property=\"og:description\" content=\"La\u00a0province d&#8217;Azuay\u00a0est une\u00a0subdivision\u00a0de l&#8217;\u00c9quateur, cr\u00e9\u00e9e le\u00a025\u00a0juin\u00a01824. Elle couvre une superficie de\u00a07\u00a0701\u00a0km2. Sa capitale est\u00a0Cuenca. Cette\u00a0province\u00a0est situ\u00e9e au sud de l&#8217;\u00c9quateur, dans les hautes plaines. Ses montagnes atteignent une altitude de\u00a04\u00a0500\u00a0m\u00a0dans le parc national d&#8217;El Cajas. Azuay est travers\u00e9e par la\u00a0Route panam\u00e9ricaine. Cuenca est reli\u00e9e \u00e0\u00a0Quito, la capitale du pays, et\u00a0Guayaquil, la plus grande ville, par [&hellip;]\" \/>\n<meta property=\"og:url\" content=\"http:\/\/www.ecuador-hotel.com\/fr\/azuay\/\" \/>\n<meta property=\"og:site_name\" content=\"Hotels of Ecuador\" \/>\n<meta property=\"article:modified_time\" content=\"2014-05-17T19:49:53+00:00\" \/>\n<script type=\"application\/ld+json\" class=\"yoast-schema-graph\">{\"@context\":\"https:\\\/\\\/schema.org\",\"@graph\":[{\"@type\":\"WebPage\",\"@id\":\"http:\\\/\\\/www.ecuador-hotel.com\\\/fr\\\/azuay\\\/\",\"url\":\"http:\\\/\\\/www.ecuador-hotel.com\\\/fr\\\/azuay\\\/\",\"name\":\"AZUAY - Hotels of Ecuador\",\"isPartOf\":{\"@id\":\"https:\\\/\\\/www.ecuador-hotel.com\\\/#website\"},\"datePublished\":\"2014-03-05T17:19:00+00:00\",\"dateModified\":\"2014-05-17T19:49:53+00:00\",\"breadcrumb\":{\"@id\":\"http:\\\/\\\/www.ecuador-hotel.com\\\/fr\\\/azuay\\\/#breadcrumb\"},\"inLanguage\":\"fr-FR\",\"potentialAction\":[{\"@type\":\"ReadAction\",\"target\":[\"http:\\\/\\\/www.ecuador-hotel.com\\\/fr\\\/azuay\\\/\"]}]},{\"@type\":\"BreadcrumbList\",\"@id\":\"http:\\\/\\\/www.ecuador-hotel.com\\\/fr\\\/azuay\\\/#breadcrumb\",\"itemListElement\":[{\"@type\":\"ListItem\",\"position\":1,\"name\":\"Home\",\"item\":\"https:\\\/\\\/www.ecuador-hotel.com\\\/\"},{\"@type\":\"ListItem\",\"position\":2,\"name\":\"AZUAY\"}]},{\"@type\":\"WebSite\",\"@id\":\"https:\\\/\\\/www.ecuador-hotel.com\\\/#website\",\"url\":\"https:\\\/\\\/www.ecuador-hotel.com\\\/\",\"name\":\"Hotels of Ecuador\",\"description\":\"A travel guide through Ecuador\",\"potentialAction\":[{\"@type\":\"SearchAction\",\"target\":{\"@type\":\"EntryPoint\",\"urlTemplate\":\"https:\\\/\\\/www.ecuador-hotel.com\\\/?s={search_term_string}\"},\"query-input\":{\"@type\":\"PropertyValueSpecification\",\"valueRequired\":true,\"valueName\":\"search_term_string\"}}],\"inLanguage\":\"fr-FR\"}]}<\/script>\n<!-- \/ Yoast SEO plugin. -->","yoast_head_json":{"title":"AZUAY - Hotels of Ecuador","robots":{"index":"index","follow":"follow","max-snippet":"max-snippet:-1","max-image-preview":"max-image-preview:large","max-video-preview":"max-video-preview:-1"},"canonical":"http:\/\/www.ecuador-hotel.com\/fr\/azuay\/","og_locale":"fr_FR","og_type":"article","og_title":"AZUAY - Hotels of Ecuador","og_description":"La\u00a0province d&#8217;Azuay\u00a0est une\u00a0subdivision\u00a0de l&#8217;\u00c9quateur, cr\u00e9\u00e9e le\u00a025\u00a0juin\u00a01824. Elle couvre une superficie de\u00a07\u00a0701\u00a0km2. Sa capitale est\u00a0Cuenca. Cette\u00a0province\u00a0est situ\u00e9e au sud de l&#8217;\u00c9quateur, dans les hautes plaines. Ses montagnes atteignent une altitude de\u00a04\u00a0500\u00a0m\u00a0dans le parc national d&#8217;El Cajas. Azuay est travers\u00e9e par la\u00a0Route panam\u00e9ricaine. Cuenca est reli\u00e9e \u00e0\u00a0Quito, la capitale du pays, et\u00a0Guayaquil, la plus grande ville, par [&hellip;]","og_url":"http:\/\/www.ecuador-hotel.com\/fr\/azuay\/","og_site_name":"Hotels of Ecuador","article_modified_time":"2014-05-17T19:49:53+00:00","schema":{"@context":"https:\/\/schema.org","@graph":[{"@type":"WebPage","@id":"http:\/\/www.ecuador-hotel.com\/fr\/azuay\/","url":"http:\/\/www.ecuador-hotel.com\/fr\/azuay\/","name":"AZUAY - Hotels of Ecuador","isPartOf":{"@id":"https:\/\/www.ecuador-hotel.com\/#website"},"datePublished":"2014-03-05T17:19:00+00:00","dateModified":"2014-05-17T19:49:53+00:00","breadcrumb":{"@id":"http:\/\/www.ecuador-hotel.com\/fr\/azuay\/#breadcrumb"},"inLanguage":"fr-FR","potentialAction":[{"@type":"ReadAction","target":["http:\/\/www.ecuador-hotel.com\/fr\/azuay\/"]}]},{"@type":"BreadcrumbList","@id":"http:\/\/www.ecuador-hotel.com\/fr\/azuay\/#breadcrumb","itemListElement":[{"@type":"ListItem","position":1,"name":"Home","item":"https:\/\/www.ecuador-hotel.com\/"},{"@type":"ListItem","position":2,"name":"AZUAY"}]},{"@type":"WebSite","@id":"https:\/\/www.ecuador-hotel.com\/#website","url":"https:\/\/www.ecuador-hotel.com\/","name":"Hotels of Ecuador","description":"A travel guide through Ecuador","potentialAction":[{"@type":"SearchAction","target":{"@type":"EntryPoint","urlTemplate":"https:\/\/www.ecuador-hotel.com\/?s={search_term_string}"},"query-input":{"@type":"PropertyValueSpecification","valueRequired":true,"valueName":"search_term_string"}}],"inLanguage":"fr-FR"}]}},"jetpack_sharing_enabled":true,"jetpack_shortlink":"https:\/\/wp.me\/P4pFJc-e5","_links":{"self":[{"href":"http:\/\/www.ecuador-hotel.com\/fr\/wp-json\/wp\/v2\/pages\/873","targetHints":{"allow":["GET"]}}],"collection":[{"href":"http:\/\/www.ecuador-hotel.com\/fr\/wp-json\/wp\/v2\/pages"}],"about":[{"href":"http:\/\/www.ecuador-hotel.com\/fr\/wp-json\/wp\/v2\/types\/page"}],"author":[{"embeddable":true,"href":"http:\/\/www.ecuador-hotel.com\/fr\/wp-json\/wp\/v2\/users\/1"}],"replies":[{"embeddable":true,"href":"http:\/\/www.ecuador-hotel.com\/fr\/wp-json\/wp\/v2\/comments?post=873"}],"version-history":[{"count":2,"href":"http:\/\/www.ecuador-hotel.com\/fr\/wp-json\/wp\/v2\/pages\/873\/revisions"}],"predecessor-version":[{"id":876,"href":"http:\/\/www.ecuador-hotel.com\/fr\/wp-json\/wp\/v2\/pages\/873\/revisions\/876"}],"wp:attachment":[{"href":"http:\/\/www.ecuador-hotel.com\/fr\/wp-json\/wp\/v2\/media?parent=873"}],"curies":[{"name":"wp","href":"https:\/\/api.w.org\/{rel}","templated":true}]}}