{"id":232,"date":"2014-03-05T12:49:47","date_gmt":"2014-03-05T12:49:47","guid":{"rendered":"http:\/\/www.ecuador-hotel.com\/napo-2\/"},"modified":"2014-03-22T15:34:35","modified_gmt":"2014-03-22T15:34:35","slug":"napo","status":"publish","type":"page","link":"http:\/\/www.ecuador-hotel.com\/fr\/napo\/","title":{"rendered":"NAPO"},"content":{"rendered":"<p style=\"text-align: justify;\">Le Napo est une Province d&#8217;Equateur, sa capitale est Tena. La province contient la rivi\u00e8re Napo, elle est industriellement assez peu d\u00e9velopp\u00e9e. L&#8217;\u00e9paisse jungle est l&#8217;habitat de nombreuses communaut\u00e9s indig\u00e8nes qui restent isol\u00e9es par choix, descendants de ceux qui ont fui les invasions espagnoles depuis les Andes, et de des Incas avant eux. Depuis 2000, la Province est la derni\u00e8re d&#8217;Equateur \u00e0 avoir une population majoritairement indig\u00e8ne, avec 56.3%.<\/p>\n<p style=\"text-align: justify;\">Cette province est de celles en Equateur contenant une section de la for\u00eat Amazonienne.<\/p>\n<p style=\"text-align: justify;\">Dans la Province, il y a aussi la R\u00e9serve Ecologique de l&#8217;Antisana, et la R\u00e9serve Nationale Biologique Limoncocha.<\/p>\n","protected":false},"excerpt":{"rendered":"<p>Le Napo est une Province d&#8217;Equateur, sa capitale est Tena. La province contient la rivi\u00e8re Napo, elle est industriellement assez peu d\u00e9velopp\u00e9e. L&#8217;\u00e9paisse jungle est l&#8217;habitat de nombreuses communaut\u00e9s indig\u00e8nes qui restent isol\u00e9es par choix, descendants de ceux qui ont fui les invasions espagnoles depuis les Andes, et de des Incas avant eux. Depuis 2000, [&hellip;]<\/p>\n","protected":false},"author":2,"featured_media":70,"parent":0,"menu_order":0,"comment_status":"open","ping_status":"closed","template":"page-template-portfolio.php","meta":{"nf_dc_page":"","jetpack_post_was_ever_published":false,"footnotes":""},"class_list":["post-232","page","type-page","status-publish","has-post-thumbnail","hentry"],"yoast_head":"<!-- This site is optimized with the Yoast SEO plugin v27.4 - https:\/\/yoast.com\/product\/yoast-seo-wordpress\/ -->\n<title>NAPO - Hotels of Ecuador<\/title>\n<meta name=\"description\" content=\"Hotels of Ecuador offers the best selection of hotels, for each province of Ecuador we select Hotels that we like, luxury hotels, charm hotels or even budget hotels, but always a nice place\" \/>\n<meta name=\"robots\" content=\"index, follow, max-snippet:-1, max-image-preview:large, max-video-preview:-1\" \/>\n<link rel=\"canonical\" href=\"http:\/\/www.ecuador-hotel.com\/fr\/napo\/\" \/>\n<meta property=\"og:locale\" content=\"fr_FR\" \/>\n<meta property=\"og:type\" content=\"article\" \/>\n<meta property=\"og:title\" content=\"NAPO - Hotels of Ecuador\" \/>\n<meta property=\"og:description\" content=\"Hotels of Ecuador offers the best selection of hotels, for each province of Ecuador we select Hotels that we like, luxury hotels, charm hotels or even budget hotels, but always a nice place\" \/>\n<meta property=\"og:url\" content=\"http:\/\/www.ecuador-hotel.com\/fr\/napo\/\" \/>\n<meta property=\"og:site_name\" content=\"Hotels of Ecuador\" \/>\n<meta property=\"article:modified_time\" content=\"2014-03-22T15:34:35+00:00\" \/>\n<meta property=\"og:image\" content=\"https:\/\/i0.wp.com\/www.ecuador-hotel.com\/wp-content\/uploads\/2014\/03\/ecuador-napo-province-rafting-amazon-jungle.jpg?fit=1100%2C400\" \/>\n\t<meta property=\"og:image:width\" content=\"1100\" \/>\n\t<meta property=\"og:image:height\" content=\"400\" \/>\n\t<meta property=\"og:image:type\" content=\"image\/jpeg\" \/>\n<meta name=\"twitter:label1\" content=\"Dur\u00e9e de lecture estim\u00e9e\" \/>\n\t<meta name=\"twitter:data1\" content=\"1 minute\" \/>\n<script type=\"application\/ld+json\" class=\"yoast-schema-graph\">{\"@context\":\"https:\\\/\\\/schema.org\",\"@graph\":[{\"@type\":\"WebPage\",\"@id\":\"http:\\\/\\\/www.ecuador-hotel.com\\\/fr\\\/napo\\\/\",\"url\":\"http:\\\/\\\/www.ecuador-hotel.com\\\/fr\\\/napo\\\/\",\"name\":\"NAPO - Hotels of Ecuador\",\"isPartOf\":{\"@id\":\"https:\\\/\\\/www.ecuador-hotel.com\\\/#website\"},\"primaryImageOfPage\":{\"@id\":\"http:\\\/\\\/www.ecuador-hotel.com\\\/fr\\\/napo\\\/#primaryimage\"},\"image\":{\"@id\":\"http:\\\/\\\/www.ecuador-hotel.com\\\/fr\\\/napo\\\/#primaryimage\"},\"thumbnailUrl\":\"https:\\\/\\\/i0.wp.com\\\/www.ecuador-hotel.com\\\/wp-content\\\/uploads\\\/2014\\\/03\\\/ecuador-napo-province-rafting-amazon-jungle.jpg?fit=1100%2C400\",\"datePublished\":\"2014-03-05T12:49:47+00:00\",\"dateModified\":\"2014-03-22T15:34:35+00:00\",\"description\":\"Hotels of Ecuador offers the best selection of hotels, for each province of Ecuador we select Hotels that we like, luxury hotels, charm hotels or even budget hotels, but always a nice place\",\"breadcrumb\":{\"@id\":\"http:\\\/\\\/www.ecuador-hotel.com\\\/fr\\\/napo\\\/#breadcrumb\"},\"inLanguage\":\"fr-FR\",\"potentialAction\":[{\"@type\":\"ReadAction\",\"target\":[\"http:\\\/\\\/www.ecuador-hotel.com\\\/fr\\\/napo\\\/\"]}]},{\"@type\":\"ImageObject\",\"inLanguage\":\"fr-FR\",\"@id\":\"http:\\\/\\\/www.ecuador-hotel.com\\\/fr\\\/napo\\\/#primaryimage\",\"url\":\"https:\\\/\\\/i0.wp.com\\\/www.ecuador-hotel.com\\\/wp-content\\\/uploads\\\/2014\\\/03\\\/ecuador-napo-province-rafting-amazon-jungle.jpg?fit=1100%2C400\",\"contentUrl\":\"https:\\\/\\\/i0.wp.com\\\/www.ecuador-hotel.com\\\/wp-content\\\/uploads\\\/2014\\\/03\\\/ecuador-napo-province-rafting-amazon-jungle.jpg?fit=1100%2C400\",\"width\":1100,\"height\":400},{\"@type\":\"BreadcrumbList\",\"@id\":\"http:\\\/\\\/www.ecuador-hotel.com\\\/fr\\\/napo\\\/#breadcrumb\",\"itemListElement\":[{\"@type\":\"ListItem\",\"position\":1,\"name\":\"Home\",\"item\":\"https:\\\/\\\/www.ecuador-hotel.com\\\/\"},{\"@type\":\"ListItem\",\"position\":2,\"name\":\"NAPO\"}]},{\"@type\":\"WebSite\",\"@id\":\"https:\\\/\\\/www.ecuador-hotel.com\\\/#website\",\"url\":\"https:\\\/\\\/www.ecuador-hotel.com\\\/\",\"name\":\"Hotels of Ecuador\",\"description\":\"A travel guide through Ecuador\",\"potentialAction\":[{\"@type\":\"SearchAction\",\"target\":{\"@type\":\"EntryPoint\",\"urlTemplate\":\"https:\\\/\\\/www.ecuador-hotel.com\\\/?s={search_term_string}\"},\"query-input\":{\"@type\":\"PropertyValueSpecification\",\"valueRequired\":true,\"valueName\":\"search_term_string\"}}],\"inLanguage\":\"fr-FR\"}]}<\/script>\n<!-- \/ Yoast SEO plugin. -->","yoast_head_json":{"title":"NAPO - Hotels of Ecuador","description":"Hotels of Ecuador offers the best selection of hotels, for each province of Ecuador we select Hotels that we like, luxury hotels, charm hotels or even budget hotels, but always a nice place","robots":{"index":"index","follow":"follow","max-snippet":"max-snippet:-1","max-image-preview":"max-image-preview:large","max-video-preview":"max-video-preview:-1"},"canonical":"http:\/\/www.ecuador-hotel.com\/fr\/napo\/","og_locale":"fr_FR","og_type":"article","og_title":"NAPO - Hotels of Ecuador","og_description":"Hotels of Ecuador offers the best selection of hotels, for each province of Ecuador we select Hotels that we like, luxury hotels, charm hotels or even budget hotels, but always a nice place","og_url":"http:\/\/www.ecuador-hotel.com\/fr\/napo\/","og_site_name":"Hotels of Ecuador","article_modified_time":"2014-03-22T15:34:35+00:00","og_image":[{"width":1100,"height":400,"url":"https:\/\/i0.wp.com\/www.ecuador-hotel.com\/wp-content\/uploads\/2014\/03\/ecuador-napo-province-rafting-amazon-jungle.jpg?fit=1100%2C400","type":"image\/jpeg"}],"twitter_misc":{"Dur\u00e9e de lecture estim\u00e9e":"1 minute"},"schema":{"@context":"https:\/\/schema.org","@graph":[{"@type":"WebPage","@id":"http:\/\/www.ecuador-hotel.com\/fr\/napo\/","url":"http:\/\/www.ecuador-hotel.com\/fr\/napo\/","name":"NAPO - Hotels of Ecuador","isPartOf":{"@id":"https:\/\/www.ecuador-hotel.com\/#website"},"primaryImageOfPage":{"@id":"http:\/\/www.ecuador-hotel.com\/fr\/napo\/#primaryimage"},"image":{"@id":"http:\/\/www.ecuador-hotel.com\/fr\/napo\/#primaryimage"},"thumbnailUrl":"https:\/\/i0.wp.com\/www.ecuador-hotel.com\/wp-content\/uploads\/2014\/03\/ecuador-napo-province-rafting-amazon-jungle.jpg?fit=1100%2C400","datePublished":"2014-03-05T12:49:47+00:00","dateModified":"2014-03-22T15:34:35+00:00","description":"Hotels of Ecuador offers the best selection of hotels, for each province of Ecuador we select Hotels that we like, luxury hotels, charm hotels or even budget hotels, but always a nice place","breadcrumb":{"@id":"http:\/\/www.ecuador-hotel.com\/fr\/napo\/#breadcrumb"},"inLanguage":"fr-FR","potentialAction":[{"@type":"ReadAction","target":["http:\/\/www.ecuador-hotel.com\/fr\/napo\/"]}]},{"@type":"ImageObject","inLanguage":"fr-FR","@id":"http:\/\/www.ecuador-hotel.com\/fr\/napo\/#primaryimage","url":"https:\/\/i0.wp.com\/www.ecuador-hotel.com\/wp-content\/uploads\/2014\/03\/ecuador-napo-province-rafting-amazon-jungle.jpg?fit=1100%2C400","contentUrl":"https:\/\/i0.wp.com\/www.ecuador-hotel.com\/wp-content\/uploads\/2014\/03\/ecuador-napo-province-rafting-amazon-jungle.jpg?fit=1100%2C400","width":1100,"height":400},{"@type":"BreadcrumbList","@id":"http:\/\/www.ecuador-hotel.com\/fr\/napo\/#breadcrumb","itemListElement":[{"@type":"ListItem","position":1,"name":"Home","item":"https:\/\/www.ecuador-hotel.com\/"},{"@type":"ListItem","position":2,"name":"NAPO"}]},{"@type":"WebSite","@id":"https:\/\/www.ecuador-hotel.com\/#website","url":"https:\/\/www.ecuador-hotel.com\/","name":"Hotels of Ecuador","description":"A travel guide through Ecuador","potentialAction":[{"@type":"SearchAction","target":{"@type":"EntryPoint","urlTemplate":"https:\/\/www.ecuador-hotel.com\/?s={search_term_string}"},"query-input":{"@type":"PropertyValueSpecification","valueRequired":true,"valueName":"search_term_string"}}],"inLanguage":"fr-FR"}]}},"jetpack_sharing_enabled":true,"jetpack_shortlink":"https:\/\/wp.me\/P4pFJc-3K","_links":{"self":[{"href":"http:\/\/www.ecuador-hotel.com\/fr\/wp-json\/wp\/v2\/pages\/232","targetHints":{"allow":["GET"]}}],"collection":[{"href":"http:\/\/www.ecuador-hotel.com\/fr\/wp-json\/wp\/v2\/pages"}],"about":[{"href":"http:\/\/www.ecuador-hotel.com\/fr\/wp-json\/wp\/v2\/types\/page"}],"author":[{"embeddable":true,"href":"http:\/\/www.ecuador-hotel.com\/fr\/wp-json\/wp\/v2\/users\/2"}],"replies":[{"embeddable":true,"href":"http:\/\/www.ecuador-hotel.com\/fr\/wp-json\/wp\/v2\/comments?post=232"}],"version-history":[{"count":3,"href":"http:\/\/www.ecuador-hotel.com\/fr\/wp-json\/wp\/v2\/pages\/232\/revisions"}],"predecessor-version":[{"id":381,"href":"http:\/\/www.ecuador-hotel.com\/fr\/wp-json\/wp\/v2\/pages\/232\/revisions\/381"}],"wp:featuredmedia":[{"embeddable":true,"href":"http:\/\/www.ecuador-hotel.com\/fr\/wp-json\/wp\/v2\/media\/70"}],"wp:attachment":[{"href":"http:\/\/www.ecuador-hotel.com\/fr\/wp-json\/wp\/v2\/media?parent=232"}],"curies":[{"name":"wp","href":"https:\/\/api.w.org\/{rel}","templated":true}]}}