{"id":583,"date":"2014-03-23T19:38:36","date_gmt":"2014-03-23T19:38:36","guid":{"rendered":"http:\/\/www.ecuador-hotel.com\/?page_id=583"},"modified":"2014-03-23T19:47:31","modified_gmt":"2014-03-23T19:47:31","slug":"pastaza-2","status":"publish","type":"page","link":"http:\/\/www.ecuador-hotel.com\/es\/pastaza-2\/","title":{"rendered":"PASTAZA"},"content":{"rendered":"<p style=\"text-align: justify;\"><b>Pastaza<\/b>, oficialmente\u00a0<b>Provincia de Pastaza<\/b>\u00a0es una de las 24\u00a0provincias\u00a0que conforman la\u00a0Rep\u00fablica del Ecuador, situada en la\u00a0Regi\u00f3n Amaz\u00f3nica del Ecuador. Recibe su nombre del\u00a0r\u00edo Pastaza, que la separa al sur de la provincia de\u00a0Morona Santiago. Su capital es la ciudad dePuyo.<\/p>\n<p style=\"text-align: justify;\">Limita al norte con las provincias de\u00a0Napo\u00a0y\u00a0Orellana, al sur con Morona Santiago, al este con el\u00a0Per\u00fa\u00a0(departamento de Loreto) y al oeste con la provincia de\u00a0Tungurahua. Pastaza es una zona de gran precipitaci\u00f3n fluvial presente a lo largo de todo el a\u00f1o, el clima es c\u00e1lido y h\u00famedo con una temperatura que var\u00eda entre los 18\u00b0 y 24\u00b0 grados cent\u00edgrados. Algunos de los muchos r\u00edos de la provincia son el\u00a0r\u00edo Pastaza, el\u00a0r\u00edo Puyo\u00a0y el\u00a0r\u00edo Curaray.<\/p>\n<p style=\"text-align: justify;\">Seg\u00fan el censo de poblaci\u00f3n del 2010, la provincia ten\u00eda 83.933 habitantes.<\/p>\n","protected":false},"excerpt":{"rendered":"<p>Pastaza, oficialmente\u00a0Provincia de Pastaza\u00a0es una de las 24\u00a0provincias\u00a0que conforman la\u00a0Rep\u00fablica del Ecuador, situada en la\u00a0Regi\u00f3n Amaz\u00f3nica del Ecuador. Recibe su nombre del\u00a0r\u00edo Pastaza, que la separa al sur de la provincia de\u00a0Morona Santiago. Su capital es la ciudad dePuyo. Limita al norte con las provincias de\u00a0Napo\u00a0y\u00a0Orellana, al sur con Morona Santiago, al este con el\u00a0Per\u00fa\u00a0(departamento [&hellip;]<\/p>\n","protected":false},"author":2,"featured_media":0,"parent":0,"menu_order":0,"comment_status":"open","ping_status":"open","template":"page-template-portfolio.php","meta":{"nf_dc_page":"","jetpack_post_was_ever_published":false,"footnotes":""},"class_list":["post-583","page","type-page","status-publish","hentry"],"yoast_head":"<!-- This site is optimized with the Yoast SEO plugin v27.4 - https:\/\/yoast.com\/product\/yoast-seo-wordpress\/ -->\n<title>PASTAZA - Hotels of Ecuador<\/title>\n<meta name=\"robots\" content=\"index, follow, max-snippet:-1, max-image-preview:large, max-video-preview:-1\" \/>\n<link rel=\"canonical\" href=\"http:\/\/www.ecuador-hotel.com\/es\/pastaza-2\/\" \/>\n<meta property=\"og:locale\" content=\"es_ES\" \/>\n<meta property=\"og:type\" content=\"article\" \/>\n<meta property=\"og:title\" content=\"PASTAZA - Hotels of Ecuador\" \/>\n<meta property=\"og:description\" content=\"Pastaza, oficialmente\u00a0Provincia de Pastaza\u00a0es una de las 24\u00a0provincias\u00a0que conforman la\u00a0Rep\u00fablica del Ecuador, situada en la\u00a0Regi\u00f3n Amaz\u00f3nica del Ecuador. Recibe su nombre del\u00a0r\u00edo Pastaza, que la separa al sur de la provincia de\u00a0Morona Santiago. Su capital es la ciudad dePuyo. Limita al norte con las provincias de\u00a0Napo\u00a0y\u00a0Orellana, al sur con Morona Santiago, al este con el\u00a0Per\u00fa\u00a0(departamento [&hellip;]\" \/>\n<meta property=\"og:url\" content=\"http:\/\/www.ecuador-hotel.com\/es\/pastaza-2\/\" \/>\n<meta property=\"og:site_name\" content=\"Hotels of Ecuador\" \/>\n<meta property=\"article:modified_time\" content=\"2014-03-23T19:47:31+00:00\" \/>\n<meta name=\"twitter:label1\" content=\"Tiempo de lectura\" \/>\n\t<meta name=\"twitter:data1\" content=\"1 minuto\" \/>\n<script type=\"application\/ld+json\" class=\"yoast-schema-graph\">{\"@context\":\"https:\\\/\\\/schema.org\",\"@graph\":[{\"@type\":\"WebPage\",\"@id\":\"http:\\\/\\\/www.ecuador-hotel.com\\\/es\\\/pastaza-2\\\/\",\"url\":\"http:\\\/\\\/www.ecuador-hotel.com\\\/es\\\/pastaza-2\\\/\",\"name\":\"PASTAZA - Hotels of Ecuador\",\"isPartOf\":{\"@id\":\"https:\\\/\\\/www.ecuador-hotel.com\\\/#website\"},\"datePublished\":\"2014-03-23T19:38:36+00:00\",\"dateModified\":\"2014-03-23T19:47:31+00:00\",\"breadcrumb\":{\"@id\":\"http:\\\/\\\/www.ecuador-hotel.com\\\/es\\\/pastaza-2\\\/#breadcrumb\"},\"inLanguage\":\"es\",\"potentialAction\":[{\"@type\":\"ReadAction\",\"target\":[\"http:\\\/\\\/www.ecuador-hotel.com\\\/es\\\/pastaza-2\\\/\"]}]},{\"@type\":\"BreadcrumbList\",\"@id\":\"http:\\\/\\\/www.ecuador-hotel.com\\\/es\\\/pastaza-2\\\/#breadcrumb\",\"itemListElement\":[{\"@type\":\"ListItem\",\"position\":1,\"name\":\"Home\",\"item\":\"https:\\\/\\\/www.ecuador-hotel.com\\\/\"},{\"@type\":\"ListItem\",\"position\":2,\"name\":\"PASTAZA\"}]},{\"@type\":\"WebSite\",\"@id\":\"https:\\\/\\\/www.ecuador-hotel.com\\\/#website\",\"url\":\"https:\\\/\\\/www.ecuador-hotel.com\\\/\",\"name\":\"Hotels of Ecuador\",\"description\":\"A travel guide through Ecuador\",\"potentialAction\":[{\"@type\":\"SearchAction\",\"target\":{\"@type\":\"EntryPoint\",\"urlTemplate\":\"https:\\\/\\\/www.ecuador-hotel.com\\\/?s={search_term_string}\"},\"query-input\":{\"@type\":\"PropertyValueSpecification\",\"valueRequired\":true,\"valueName\":\"search_term_string\"}}],\"inLanguage\":\"es\"}]}<\/script>\n<!-- \/ Yoast SEO plugin. -->","yoast_head_json":{"title":"PASTAZA - Hotels of Ecuador","robots":{"index":"index","follow":"follow","max-snippet":"max-snippet:-1","max-image-preview":"max-image-preview:large","max-video-preview":"max-video-preview:-1"},"canonical":"http:\/\/www.ecuador-hotel.com\/es\/pastaza-2\/","og_locale":"es_ES","og_type":"article","og_title":"PASTAZA - Hotels of Ecuador","og_description":"Pastaza, oficialmente\u00a0Provincia de Pastaza\u00a0es una de las 24\u00a0provincias\u00a0que conforman la\u00a0Rep\u00fablica del Ecuador, situada en la\u00a0Regi\u00f3n Amaz\u00f3nica del Ecuador. Recibe su nombre del\u00a0r\u00edo Pastaza, que la separa al sur de la provincia de\u00a0Morona Santiago. Su capital es la ciudad dePuyo. Limita al norte con las provincias de\u00a0Napo\u00a0y\u00a0Orellana, al sur con Morona Santiago, al este con el\u00a0Per\u00fa\u00a0(departamento [&hellip;]","og_url":"http:\/\/www.ecuador-hotel.com\/es\/pastaza-2\/","og_site_name":"Hotels of Ecuador","article_modified_time":"2014-03-23T19:47:31+00:00","twitter_misc":{"Tiempo de lectura":"1 minuto"},"schema":{"@context":"https:\/\/schema.org","@graph":[{"@type":"WebPage","@id":"http:\/\/www.ecuador-hotel.com\/es\/pastaza-2\/","url":"http:\/\/www.ecuador-hotel.com\/es\/pastaza-2\/","name":"PASTAZA - Hotels of Ecuador","isPartOf":{"@id":"https:\/\/www.ecuador-hotel.com\/#website"},"datePublished":"2014-03-23T19:38:36+00:00","dateModified":"2014-03-23T19:47:31+00:00","breadcrumb":{"@id":"http:\/\/www.ecuador-hotel.com\/es\/pastaza-2\/#breadcrumb"},"inLanguage":"es","potentialAction":[{"@type":"ReadAction","target":["http:\/\/www.ecuador-hotel.com\/es\/pastaza-2\/"]}]},{"@type":"BreadcrumbList","@id":"http:\/\/www.ecuador-hotel.com\/es\/pastaza-2\/#breadcrumb","itemListElement":[{"@type":"ListItem","position":1,"name":"Home","item":"https:\/\/www.ecuador-hotel.com\/"},{"@type":"ListItem","position":2,"name":"PASTAZA"}]},{"@type":"WebSite","@id":"https:\/\/www.ecuador-hotel.com\/#website","url":"https:\/\/www.ecuador-hotel.com\/","name":"Hotels of Ecuador","description":"A travel guide through Ecuador","potentialAction":[{"@type":"SearchAction","target":{"@type":"EntryPoint","urlTemplate":"https:\/\/www.ecuador-hotel.com\/?s={search_term_string}"},"query-input":{"@type":"PropertyValueSpecification","valueRequired":true,"valueName":"search_term_string"}}],"inLanguage":"es"}]}},"jetpack_sharing_enabled":true,"jetpack_shortlink":"https:\/\/wp.me\/P4pFJc-9p","_links":{"self":[{"href":"http:\/\/www.ecuador-hotel.com\/es\/wp-json\/wp\/v2\/pages\/583","targetHints":{"allow":["GET"]}}],"collection":[{"href":"http:\/\/www.ecuador-hotel.com\/es\/wp-json\/wp\/v2\/pages"}],"about":[{"href":"http:\/\/www.ecuador-hotel.com\/es\/wp-json\/wp\/v2\/types\/page"}],"author":[{"embeddable":true,"href":"http:\/\/www.ecuador-hotel.com\/es\/wp-json\/wp\/v2\/users\/2"}],"replies":[{"embeddable":true,"href":"http:\/\/www.ecuador-hotel.com\/es\/wp-json\/wp\/v2\/comments?post=583"}],"version-history":[{"count":2,"href":"http:\/\/www.ecuador-hotel.com\/es\/wp-json\/wp\/v2\/pages\/583\/revisions"}],"predecessor-version":[{"id":589,"href":"http:\/\/www.ecuador-hotel.com\/es\/wp-json\/wp\/v2\/pages\/583\/revisions\/589"}],"wp:attachment":[{"href":"http:\/\/www.ecuador-hotel.com\/es\/wp-json\/wp\/v2\/media?parent=583"}],"curies":[{"name":"wp","href":"https:\/\/api.w.org\/{rel}","templated":true}]}}