{"id":233,"date":"2014-03-05T12:49:47","date_gmt":"2014-03-05T12:49:47","guid":{"rendered":"http:\/\/www.ecuador-hotel.com\/napo-2\/"},"modified":"2014-03-22T15:35:06","modified_gmt":"2014-03-22T15:35:06","slug":"napo","status":"publish","type":"page","link":"http:\/\/www.ecuador-hotel.com\/es\/napo\/","title":{"rendered":"NAPO"},"content":{"rendered":"<p style=\"text-align: justify;\">\u00a0La Provincia de Napo se halla en la regi\u00f3n amaz\u00f3nica ecuatoriana, lugar marcado por una alta diversidad biol\u00f3gica, propicio para admirar paisajes impresionantes como la\u00a0Cascada de San Rafael\u00a0o lugares para meditar en la paz del bosque, sitio para conocer costumbres y tradiciones de los pueblos quichuas amaz\u00f3nicos que mantienen su forma de vida y muestran a los turistas.<\/p>\n","protected":false},"excerpt":{"rendered":"<p>\u00a0La Provincia de Napo se halla en la regi\u00f3n amaz\u00f3nica ecuatoriana, lugar marcado por una alta diversidad biol\u00f3gica, propicio para admirar paisajes impresionantes como la\u00a0Cascada de San Rafael\u00a0o lugares para meditar en la paz del bosque, sitio para conocer costumbres y tradiciones de los pueblos quichuas amaz\u00f3nicos que mantienen su forma de vida y muestran [&hellip;]<\/p>\n","protected":false},"author":2,"featured_media":70,"parent":0,"menu_order":0,"comment_status":"open","ping_status":"closed","template":"page-template-portfolio.php","meta":{"nf_dc_page":"","jetpack_post_was_ever_published":false,"footnotes":""},"class_list":["post-233","page","type-page","status-publish","has-post-thumbnail","hentry"],"yoast_head":"<!-- This site is optimized with the Yoast SEO plugin v27.4 - https:\/\/yoast.com\/product\/yoast-seo-wordpress\/ -->\n<title>NAPO - Hotels of Ecuador<\/title>\n<meta name=\"description\" content=\"Hotels of Ecuador offers the best selection of hotels, for each province of Ecuador we select Hotels that we like, luxury hotels, charm hotels or even budget hotels, but always a nice place\" \/>\n<meta name=\"robots\" content=\"index, follow, max-snippet:-1, max-image-preview:large, max-video-preview:-1\" \/>\n<link rel=\"canonical\" href=\"http:\/\/www.ecuador-hotel.com\/es\/napo\/\" \/>\n<meta property=\"og:locale\" content=\"es_ES\" \/>\n<meta property=\"og:type\" content=\"article\" \/>\n<meta property=\"og:title\" content=\"NAPO - Hotels of Ecuador\" \/>\n<meta property=\"og:description\" content=\"Hotels of Ecuador offers the best selection of hotels, for each province of Ecuador we select Hotels that we like, luxury hotels, charm hotels or even budget hotels, but always a nice place\" \/>\n<meta property=\"og:url\" content=\"http:\/\/www.ecuador-hotel.com\/es\/napo\/\" \/>\n<meta property=\"og:site_name\" content=\"Hotels of Ecuador\" \/>\n<meta property=\"article:modified_time\" content=\"2014-03-22T15:35:06+00:00\" \/>\n<meta property=\"og:image\" content=\"https:\/\/i0.wp.com\/www.ecuador-hotel.com\/wp-content\/uploads\/2014\/03\/ecuador-napo-province-rafting-amazon-jungle.jpg?fit=1100%2C400\" \/>\n\t<meta property=\"og:image:width\" content=\"1100\" \/>\n\t<meta property=\"og:image:height\" content=\"400\" \/>\n\t<meta property=\"og:image:type\" content=\"image\/jpeg\" \/>\n<script type=\"application\/ld+json\" class=\"yoast-schema-graph\">{\"@context\":\"https:\\\/\\\/schema.org\",\"@graph\":[{\"@type\":\"WebPage\",\"@id\":\"http:\\\/\\\/www.ecuador-hotel.com\\\/es\\\/napo\\\/\",\"url\":\"http:\\\/\\\/www.ecuador-hotel.com\\\/es\\\/napo\\\/\",\"name\":\"NAPO - Hotels of Ecuador\",\"isPartOf\":{\"@id\":\"https:\\\/\\\/www.ecuador-hotel.com\\\/#website\"},\"primaryImageOfPage\":{\"@id\":\"http:\\\/\\\/www.ecuador-hotel.com\\\/es\\\/napo\\\/#primaryimage\"},\"image\":{\"@id\":\"http:\\\/\\\/www.ecuador-hotel.com\\\/es\\\/napo\\\/#primaryimage\"},\"thumbnailUrl\":\"https:\\\/\\\/i0.wp.com\\\/www.ecuador-hotel.com\\\/wp-content\\\/uploads\\\/2014\\\/03\\\/ecuador-napo-province-rafting-amazon-jungle.jpg?fit=1100%2C400\",\"datePublished\":\"2014-03-05T12:49:47+00:00\",\"dateModified\":\"2014-03-22T15:35:06+00:00\",\"description\":\"Hotels of Ecuador offers the best selection of hotels, for each province of Ecuador we select Hotels that we like, luxury hotels, charm hotels or even budget hotels, but always a nice place\",\"breadcrumb\":{\"@id\":\"http:\\\/\\\/www.ecuador-hotel.com\\\/es\\\/napo\\\/#breadcrumb\"},\"inLanguage\":\"es\",\"potentialAction\":[{\"@type\":\"ReadAction\",\"target\":[\"http:\\\/\\\/www.ecuador-hotel.com\\\/es\\\/napo\\\/\"]}]},{\"@type\":\"ImageObject\",\"inLanguage\":\"es\",\"@id\":\"http:\\\/\\\/www.ecuador-hotel.com\\\/es\\\/napo\\\/#primaryimage\",\"url\":\"https:\\\/\\\/i0.wp.com\\\/www.ecuador-hotel.com\\\/wp-content\\\/uploads\\\/2014\\\/03\\\/ecuador-napo-province-rafting-amazon-jungle.jpg?fit=1100%2C400\",\"contentUrl\":\"https:\\\/\\\/i0.wp.com\\\/www.ecuador-hotel.com\\\/wp-content\\\/uploads\\\/2014\\\/03\\\/ecuador-napo-province-rafting-amazon-jungle.jpg?fit=1100%2C400\",\"width\":1100,\"height\":400},{\"@type\":\"BreadcrumbList\",\"@id\":\"http:\\\/\\\/www.ecuador-hotel.com\\\/es\\\/napo\\\/#breadcrumb\",\"itemListElement\":[{\"@type\":\"ListItem\",\"position\":1,\"name\":\"Home\",\"item\":\"https:\\\/\\\/www.ecuador-hotel.com\\\/\"},{\"@type\":\"ListItem\",\"position\":2,\"name\":\"NAPO\"}]},{\"@type\":\"WebSite\",\"@id\":\"https:\\\/\\\/www.ecuador-hotel.com\\\/#website\",\"url\":\"https:\\\/\\\/www.ecuador-hotel.com\\\/\",\"name\":\"Hotels of Ecuador\",\"description\":\"A travel guide through Ecuador\",\"potentialAction\":[{\"@type\":\"SearchAction\",\"target\":{\"@type\":\"EntryPoint\",\"urlTemplate\":\"https:\\\/\\\/www.ecuador-hotel.com\\\/?s={search_term_string}\"},\"query-input\":{\"@type\":\"PropertyValueSpecification\",\"valueRequired\":true,\"valueName\":\"search_term_string\"}}],\"inLanguage\":\"es\"}]}<\/script>\n<!-- \/ Yoast SEO plugin. -->","yoast_head_json":{"title":"NAPO - Hotels of Ecuador","description":"Hotels of Ecuador offers the best selection of hotels, for each province of Ecuador we select Hotels that we like, luxury hotels, charm hotels or even budget hotels, but always a nice place","robots":{"index":"index","follow":"follow","max-snippet":"max-snippet:-1","max-image-preview":"max-image-preview:large","max-video-preview":"max-video-preview:-1"},"canonical":"http:\/\/www.ecuador-hotel.com\/es\/napo\/","og_locale":"es_ES","og_type":"article","og_title":"NAPO - Hotels of Ecuador","og_description":"Hotels of Ecuador offers the best selection of hotels, for each province of Ecuador we select Hotels that we like, luxury hotels, charm hotels or even budget hotels, but always a nice place","og_url":"http:\/\/www.ecuador-hotel.com\/es\/napo\/","og_site_name":"Hotels of Ecuador","article_modified_time":"2014-03-22T15:35:06+00:00","og_image":[{"width":1100,"height":400,"url":"https:\/\/i0.wp.com\/www.ecuador-hotel.com\/wp-content\/uploads\/2014\/03\/ecuador-napo-province-rafting-amazon-jungle.jpg?fit=1100%2C400","type":"image\/jpeg"}],"schema":{"@context":"https:\/\/schema.org","@graph":[{"@type":"WebPage","@id":"http:\/\/www.ecuador-hotel.com\/es\/napo\/","url":"http:\/\/www.ecuador-hotel.com\/es\/napo\/","name":"NAPO - Hotels of Ecuador","isPartOf":{"@id":"https:\/\/www.ecuador-hotel.com\/#website"},"primaryImageOfPage":{"@id":"http:\/\/www.ecuador-hotel.com\/es\/napo\/#primaryimage"},"image":{"@id":"http:\/\/www.ecuador-hotel.com\/es\/napo\/#primaryimage"},"thumbnailUrl":"https:\/\/i0.wp.com\/www.ecuador-hotel.com\/wp-content\/uploads\/2014\/03\/ecuador-napo-province-rafting-amazon-jungle.jpg?fit=1100%2C400","datePublished":"2014-03-05T12:49:47+00:00","dateModified":"2014-03-22T15:35:06+00:00","description":"Hotels of Ecuador offers the best selection of hotels, for each province of Ecuador we select Hotels that we like, luxury hotels, charm hotels or even budget hotels, but always a nice place","breadcrumb":{"@id":"http:\/\/www.ecuador-hotel.com\/es\/napo\/#breadcrumb"},"inLanguage":"es","potentialAction":[{"@type":"ReadAction","target":["http:\/\/www.ecuador-hotel.com\/es\/napo\/"]}]},{"@type":"ImageObject","inLanguage":"es","@id":"http:\/\/www.ecuador-hotel.com\/es\/napo\/#primaryimage","url":"https:\/\/i0.wp.com\/www.ecuador-hotel.com\/wp-content\/uploads\/2014\/03\/ecuador-napo-province-rafting-amazon-jungle.jpg?fit=1100%2C400","contentUrl":"https:\/\/i0.wp.com\/www.ecuador-hotel.com\/wp-content\/uploads\/2014\/03\/ecuador-napo-province-rafting-amazon-jungle.jpg?fit=1100%2C400","width":1100,"height":400},{"@type":"BreadcrumbList","@id":"http:\/\/www.ecuador-hotel.com\/es\/napo\/#breadcrumb","itemListElement":[{"@type":"ListItem","position":1,"name":"Home","item":"https:\/\/www.ecuador-hotel.com\/"},{"@type":"ListItem","position":2,"name":"NAPO"}]},{"@type":"WebSite","@id":"https:\/\/www.ecuador-hotel.com\/#website","url":"https:\/\/www.ecuador-hotel.com\/","name":"Hotels of Ecuador","description":"A travel guide through Ecuador","potentialAction":[{"@type":"SearchAction","target":{"@type":"EntryPoint","urlTemplate":"https:\/\/www.ecuador-hotel.com\/?s={search_term_string}"},"query-input":{"@type":"PropertyValueSpecification","valueRequired":true,"valueName":"search_term_string"}}],"inLanguage":"es"}]}},"jetpack_sharing_enabled":true,"jetpack_shortlink":"https:\/\/wp.me\/P4pFJc-3L","_links":{"self":[{"href":"http:\/\/www.ecuador-hotel.com\/es\/wp-json\/wp\/v2\/pages\/233","targetHints":{"allow":["GET"]}}],"collection":[{"href":"http:\/\/www.ecuador-hotel.com\/es\/wp-json\/wp\/v2\/pages"}],"about":[{"href":"http:\/\/www.ecuador-hotel.com\/es\/wp-json\/wp\/v2\/types\/page"}],"author":[{"embeddable":true,"href":"http:\/\/www.ecuador-hotel.com\/es\/wp-json\/wp\/v2\/users\/2"}],"replies":[{"embeddable":true,"href":"http:\/\/www.ecuador-hotel.com\/es\/wp-json\/wp\/v2\/comments?post=233"}],"version-history":[{"count":3,"href":"http:\/\/www.ecuador-hotel.com\/es\/wp-json\/wp\/v2\/pages\/233\/revisions"}],"predecessor-version":[{"id":260,"href":"http:\/\/www.ecuador-hotel.com\/es\/wp-json\/wp\/v2\/pages\/233\/revisions\/260"}],"wp:featuredmedia":[{"embeddable":true,"href":"http:\/\/www.ecuador-hotel.com\/es\/wp-json\/wp\/v2\/media\/70"}],"wp:attachment":[{"href":"http:\/\/www.ecuador-hotel.com\/es\/wp-json\/wp\/v2\/media?parent=233"}],"curies":[{"name":"wp","href":"https:\/\/api.w.org\/{rel}","templated":true}]}}